{"id":2490,"date":"2023-06-01T15:37:38","date_gmt":"2023-06-01T15:37:38","guid":{"rendered":"https:\/\/seaalgarve.com\/?page_id=2490"},"modified":"2023-06-15T15:00:57","modified_gmt":"2023-06-15T15:00:57","slug":"blog","status":"publish","type":"page","link":"https:\/\/seaalgarve.com\/pt\/blog\/","title":{"rendered":"Blog"},"content":{"rendered":"<div data-elementor-type=\"wp-page\" data-elementor-id=\"2490\" class=\"elementor elementor-2490\" data-elementor-post-type=\"page\">\n\t\t\t\t\t\t<section class=\"elementor-section elementor-top-section elementor-element elementor-element-c8ddeb6 elementor-section-height-min-height elementor-section-boxed elementor-section-height-default elementor-section-items-middle\" data-id=\"c8ddeb6\" data-element_type=\"section\" data-settings=\"{&quot;background_background&quot;:&quot;classic&quot;,&quot;shape_divider_bottom&quot;:&quot;waves&quot;}\">\n\t\t\t\t\t\t\t<div class=\"elementor-background-overlay\"><\/div>\n\t\t\t\t\t\t<div class=\"elementor-shape elementor-shape-bottom\" aria-hidden=\"true\" data-negative=\"false\">\n\t\t\t<svg xmlns=\"http:\/\/www.w3.org\/2000\/svg\" viewbox=\"0 0 1000 100\" preserveaspectratio=\"none\">\n\t<path class=\"elementor-shape-fill\" d=\"M421.9,6.5c22.6-2.5,51.5,0.4,75.5,5.3c23.6,4.9,70.9,23.5,100.5,35.7c75.8,32.2,133.7,44.5,192.6,49.7\tc23.6,2.1,48.7,3.5,103.4-2.5c54.7-6,106.2-25.6,106.2-25.6V0H0v30.3c0,0,72,32.6,158.4,30.5c39.2-0.7,92.8-6.7,134-22.4\tc21.2-8.1,52.2-18.2,79.7-24.2C399.3,7.9,411.6,7.5,421.9,6.5z\"\/>\n<\/svg>\t\t<\/div>\n\t\t\t\t\t<div class=\"elementor-container elementor-column-gap-default\">\n\t\t\t\t\t<div class=\"elementor-column elementor-col-100 elementor-top-column elementor-element elementor-element-6a5337e\" data-id=\"6a5337e\" data-element_type=\"column\">\n\t\t\t<div class=\"elementor-widget-wrap elementor-element-populated\">\n\t\t\t\t\t\t<div class=\"elementor-element elementor-element-feefb6c elementor-widget elementor-widget-heading\" data-id=\"feefb6c\" data-element_type=\"widget\" data-widget_type=\"heading.default\">\n\t\t\t\t<div class=\"elementor-widget-container\">\n\t\t\t\t\t<h1 class=\"elementor-heading-title elementor-size-default\">Explore o Algarve<\/h1>\t\t\t\t<\/div>\n\t\t\t\t<\/div>\n\t\t\t\t<div class=\"elementor-element elementor-element-46179f6 elementor-widget-divider--view-line elementor-widget elementor-widget-divider\" data-id=\"46179f6\" data-element_type=\"widget\" data-widget_type=\"divider.default\">\n\t\t\t\t<div class=\"elementor-widget-container\">\n\t\t\t\t\t\t\t<div class=\"elementor-divider\">\n\t\t\t<span class=\"elementor-divider-separator\">\n\t\t\t\t\t\t<\/span>\n\t\t<\/div>\n\t\t\t\t\t\t<\/div>\n\t\t\t\t<\/div>\n\t\t\t\t\t<\/div>\n\t\t<\/div>\n\t\t\t\t\t<\/div>\n\t\t<\/section>\n\t\t\t\t<section class=\"elementor-section elementor-top-section elementor-element elementor-element-034f786 elementor-section-boxed elementor-section-height-default elementor-section-height-default\" data-id=\"034f786\" data-element_type=\"section\">\n\t\t\t\t\t\t<div class=\"elementor-container elementor-column-gap-default\">\n\t\t\t\t\t<div class=\"elementor-column elementor-col-100 elementor-top-column elementor-element elementor-element-ba0c118\" data-id=\"ba0c118\" data-element_type=\"column\">\n\t\t\t<div class=\"elementor-widget-wrap elementor-element-populated\">\n\t\t\t\t\t\t<div class=\"elementor-element elementor-element-39aeb07 elementor-widget__width-initial elementor-absolute elementor-widget elementor-widget-image\" data-id=\"39aeb07\" data-element_type=\"widget\" data-settings=\"{&quot;_position&quot;:&quot;absolute&quot;}\" data-widget_type=\"image.default\">\n\t\t\t\t<div class=\"elementor-widget-container\">\n\t\t\t\t\t\t\t\t\t\t\t\t\t\t\t<img fetchpriority=\"high\" decoding=\"async\" width=\"1024\" height=\"1024\" src=\"https:\/\/seaalgarve.com\/wp-content\/uploads\/2023\/02\/tartaruga_sea_algarve-02-1024x1024.png\" class=\"attachment-large size-large wp-image-2067\" alt=\"\" srcset=\"https:\/\/seaalgarve.com\/wp-content\/uploads\/2023\/02\/tartaruga_sea_algarve-02-1024x1024.png 1024w, https:\/\/seaalgarve.com\/wp-content\/uploads\/2023\/02\/tartaruga_sea_algarve-02-300x300.png 300w, https:\/\/seaalgarve.com\/wp-content\/uploads\/2023\/02\/tartaruga_sea_algarve-02-150x150.png 150w, https:\/\/seaalgarve.com\/wp-content\/uploads\/2023\/02\/tartaruga_sea_algarve-02-768x767.png 768w, https:\/\/seaalgarve.com\/wp-content\/uploads\/2023\/02\/tartaruga_sea_algarve-02-12x12.png 12w, https:\/\/seaalgarve.com\/wp-content\/uploads\/2023\/02\/tartaruga_sea_algarve-02.png 1458w\" sizes=\"(max-width: 1024px) 100vw, 1024px\" \/>\t\t\t\t\t\t\t\t\t\t\t\t\t\t\t<\/div>\n\t\t\t\t<\/div>\n\t\t\t\t\t<\/div>\n\t\t<\/div>\n\t\t\t\t\t<\/div>\n\t\t<\/section>\n\t\t\t\t<section class=\"elementor-section elementor-top-section elementor-element elementor-element-10f6ae0 elementor-section-boxed elementor-section-height-default elementor-section-height-default\" data-id=\"10f6ae0\" data-element_type=\"section\">\n\t\t\t\t\t\t<div class=\"elementor-container elementor-column-gap-default\">\n\t\t\t\t\t<div class=\"elementor-column elementor-col-100 elementor-top-column elementor-element elementor-element-1684925\" data-id=\"1684925\" data-element_type=\"column\">\n\t\t\t<div class=\"elementor-widget-wrap elementor-element-populated\">\n\t\t\t\t\t\t<div class=\"elementor-element elementor-element-7a9f08c elementor-grid-3 elementor-grid-tablet-2 elementor-grid-mobile-1 elementor-posts--thumbnail-top elementor-card-shadow-yes elementor-posts__hover-gradient elementor-widget elementor-widget-posts\" data-id=\"7a9f08c\" data-element_type=\"widget\" data-settings=\"{&quot;cards_columns&quot;:&quot;3&quot;,&quot;cards_columns_tablet&quot;:&quot;2&quot;,&quot;cards_columns_mobile&quot;:&quot;1&quot;,&quot;cards_row_gap&quot;:{&quot;unit&quot;:&quot;px&quot;,&quot;size&quot;:35,&quot;sizes&quot;:[]},&quot;cards_row_gap_tablet&quot;:{&quot;unit&quot;:&quot;px&quot;,&quot;size&quot;:&quot;&quot;,&quot;sizes&quot;:[]},&quot;cards_row_gap_mobile&quot;:{&quot;unit&quot;:&quot;px&quot;,&quot;size&quot;:&quot;&quot;,&quot;sizes&quot;:[]}}\" data-widget_type=\"posts.cards\">\n\t\t\t\t<div class=\"elementor-widget-container\">\n\t\t\t\t\t\t\t<div class=\"elementor-posts-container elementor-posts elementor-posts--skin-cards elementor-grid\">\n\t\t\t\t<article class=\"elementor-post elementor-grid-item post-2507 post type-post status-publish format-standard has-post-thumbnail hentry category-portugal-algarve\">\n\t\t\t<div class=\"elementor-post__card\">\n\t\t\t\t<a class=\"elementor-post__thumbnail__link\" href=\"https:\/\/seaalgarve.com\/pt\/winter-in-the-algarve-what-to-do\/\" ><div class=\"elementor-post__thumbnail\"><img decoding=\"async\" width=\"300\" height=\"169\" src=\"https:\/\/seaalgarve.com\/wp-content\/uploads\/2023\/06\/surf-sagres-1-300x169.jpg\" class=\"attachment-medium size-medium wp-image-2525\" alt=\"\" srcset=\"https:\/\/seaalgarve.com\/wp-content\/uploads\/2023\/06\/surf-sagres-1-300x169.jpg 300w, https:\/\/seaalgarve.com\/wp-content\/uploads\/2023\/06\/surf-sagres-1-1024x576.jpg 1024w, https:\/\/seaalgarve.com\/wp-content\/uploads\/2023\/06\/surf-sagres-1-768x432.jpg 768w, https:\/\/seaalgarve.com\/wp-content\/uploads\/2023\/06\/surf-sagres-1-18x10.jpg 18w, https:\/\/seaalgarve.com\/wp-content\/uploads\/2023\/06\/surf-sagres-1.jpg 1200w\" sizes=\"(max-width: 300px) 100vw, 300px\" \/><\/div><\/a>\n\t\t\t\t<div class=\"elementor-post__text\">\n\t\t\t\t<h3 class=\"elementor-post__title\">\n\t\t\t<a href=\"https:\/\/seaalgarve.com\/pt\/winter-in-the-algarve-what-to-do\/\" >\n\t\t\t\tAlgarve no inverno: descubra como \u00e9 a vida no Algarve quando o ver\u00e3o acaba\t\t\t<\/a>\n\t\t<\/h3>\n\t\t\t\t<div class=\"elementor-post__excerpt\">\n\t\t\t<p>O inverno no Algarve oferece uma experi\u00eancia diferente, mas igualmente agrad\u00e1vel, em compara\u00e7\u00e3o com os meses de ver\u00e3o. Aqui est\u00e3o algumas coisas que voc\u00ea pode fazer durante o inverno<\/p>\n\t\t<\/div>\n\t\t\n\t\t<a class=\"elementor-post__read-more\" href=\"https:\/\/seaalgarve.com\/pt\/winter-in-the-algarve-what-to-do\/\" aria-label=\"Read more about Algarve in winter: find out what life is like in the Algarve when summer ends\" >\n\t\t\tLer mais  \u00bb\t\t<\/a>\n\n\t\t\t\t<\/div>\n\t\t\t\t\t<\/div>\n\t\t<\/article>\n\t\t\t\t<article class=\"elementor-post elementor-grid-item post-2496 post type-post status-publish format-standard has-post-thumbnail hentry category-portugal-algarve\">\n\t\t\t<div class=\"elementor-post__card\">\n\t\t\t\t<a class=\"elementor-post__thumbnail__link\" href=\"https:\/\/seaalgarve.com\/pt\/best-season-to-go-to-algarve-june-to-september\/\" ><div class=\"elementor-post__thumbnail\"><img decoding=\"async\" width=\"300\" height=\"199\" src=\"https:\/\/seaalgarve.com\/wp-content\/uploads\/2023\/06\/pexels-leo-pekaar-6494021-300x199.jpg\" class=\"attachment-medium size-medium wp-image-2501\" alt=\"\" srcset=\"https:\/\/seaalgarve.com\/wp-content\/uploads\/2023\/06\/pexels-leo-pekaar-6494021-300x199.jpg 300w, https:\/\/seaalgarve.com\/wp-content\/uploads\/2023\/06\/pexels-leo-pekaar-6494021-1024x680.jpg 1024w, https:\/\/seaalgarve.com\/wp-content\/uploads\/2023\/06\/pexels-leo-pekaar-6494021-768x510.jpg 768w, https:\/\/seaalgarve.com\/wp-content\/uploads\/2023\/06\/pexels-leo-pekaar-6494021-1536x1020.jpg 1536w, https:\/\/seaalgarve.com\/wp-content\/uploads\/2023\/06\/pexels-leo-pekaar-6494021-2048x1360.jpg 2048w, https:\/\/seaalgarve.com\/wp-content\/uploads\/2023\/06\/pexels-leo-pekaar-6494021-18x12.jpg 18w\" sizes=\"(max-width: 300px) 100vw, 300px\" \/><\/div><\/a>\n\t\t\t\t<div class=\"elementor-post__text\">\n\t\t\t\t<h3 class=\"elementor-post__title\">\n\t\t\t<a href=\"https:\/\/seaalgarve.com\/pt\/best-season-to-go-to-algarve-june-to-september\/\" >\n\t\t\t\tMelhor \u00e9poca para ir ao Algarve: Junho a Setembro\t\t\t<\/a>\n\t\t<\/h3>\n\t\t\t\t<div class=\"elementor-post__excerpt\">\n\t\t\t<p>Al\u00e9m disso, os meses de junho a setembro oferecem longos dias de luz, permitindo que voc\u00ea aproveite ao m\u00e1ximo seu tempo explorando as atra\u00e7\u00f5es da regi\u00e3o, incluindo cidades pitorescas, centros hist\u00f3ricos<\/p>\n\t\t<\/div>\n\t\t\n\t\t<a class=\"elementor-post__read-more\" href=\"https:\/\/seaalgarve.com\/pt\/best-season-to-go-to-algarve-june-to-september\/\" aria-label=\"Read more about Best season to go to Algarve : June to September\" >\n\t\t\tLer mais  \u00bb\t\t<\/a>\n\n\t\t\t\t<\/div>\n\t\t\t\t\t<\/div>\n\t\t<\/article>\n\t\t\t\t<article class=\"elementor-post elementor-grid-item post-2493 post type-post status-publish format-standard has-post-thumbnail hentry category-portugal-algarve\">\n\t\t\t<div class=\"elementor-post__card\">\n\t\t\t\t<a class=\"elementor-post__thumbnail__link\" href=\"https:\/\/seaalgarve.com\/pt\/algarve-beautiful-region-located-in-southern-portugal\/\" ><div class=\"elementor-post__thumbnail\"><img loading=\"lazy\" decoding=\"async\" width=\"300\" height=\"200\" src=\"https:\/\/seaalgarve.com\/wp-content\/uploads\/2023\/02\/benagil-cave-boat-tour-inside-algar-de-benagil-cave-listed-world-s-top-10-best-caves-algarve-coast-near-lagoa-portugal-tourists-visit-popular-landmark-300x200.jpg\" class=\"attachment-medium size-medium wp-image-2395\" alt=\"\" srcset=\"https:\/\/seaalgarve.com\/wp-content\/uploads\/2023\/02\/benagil-cave-boat-tour-inside-algar-de-benagil-cave-listed-world-s-top-10-best-caves-algarve-coast-near-lagoa-portugal-tourists-visit-popular-landmark-300x200.jpg 300w, https:\/\/seaalgarve.com\/wp-content\/uploads\/2023\/02\/benagil-cave-boat-tour-inside-algar-de-benagil-cave-listed-world-s-top-10-best-caves-algarve-coast-near-lagoa-portugal-tourists-visit-popular-landmark-1024x683.jpg 1024w, https:\/\/seaalgarve.com\/wp-content\/uploads\/2023\/02\/benagil-cave-boat-tour-inside-algar-de-benagil-cave-listed-world-s-top-10-best-caves-algarve-coast-near-lagoa-portugal-tourists-visit-popular-landmark-768x512.jpg 768w, https:\/\/seaalgarve.com\/wp-content\/uploads\/2023\/02\/benagil-cave-boat-tour-inside-algar-de-benagil-cave-listed-world-s-top-10-best-caves-algarve-coast-near-lagoa-portugal-tourists-visit-popular-landmark-18x12.jpg 18w, https:\/\/seaalgarve.com\/wp-content\/uploads\/2023\/02\/benagil-cave-boat-tour-inside-algar-de-benagil-cave-listed-world-s-top-10-best-caves-algarve-coast-near-lagoa-portugal-tourists-visit-popular-landmark.jpg 1200w\" sizes=\"(max-width: 300px) 100vw, 300px\" \/><\/div><\/a>\n\t\t\t\t<div class=\"elementor-post__text\">\n\t\t\t\t<h3 class=\"elementor-post__title\">\n\t\t\t<a href=\"https:\/\/seaalgarve.com\/pt\/algarve-beautiful-region-located-in-southern-portugal\/\" >\n\t\t\t\tAlgarve \u2013 bela regi\u00e3o localizada no sul de Portugal\t\t\t<\/a>\n\t\t<\/h3>\n\t\t\t\t<div class=\"elementor-post__excerpt\">\n\t\t\t<p>Aqui est\u00e3o alguns fatos interessantes sobre o Algarve: Clima ensolarado: O Algarve \u00e9 famoso por seu clima ameno e ensolarado durante todo o ano. Com mais<\/p>\n\t\t<\/div>\n\t\t\n\t\t<a class=\"elementor-post__read-more\" href=\"https:\/\/seaalgarve.com\/pt\/algarve-beautiful-region-located-in-southern-portugal\/\" aria-label=\"Read more about Algarve &#8211; beautiful region located in southern Portugal\" >\n\t\t\tLer mais  \u00bb\t\t<\/a>\n\n\t\t\t\t<\/div>\n\t\t\t\t\t<\/div>\n\t\t<\/article>\n\t\t\t\t<\/div>\n\t\t\n\t\t\t\t\t\t<\/div>\n\t\t\t\t<\/div>\n\t\t\t\t\t<\/div>\n\t\t<\/div>\n\t\t\t\t\t<\/div>\n\t\t<\/section>\n\t\t\t\t<\/div>","protected":false},"excerpt":{"rendered":"<p>Explore o Algarve<\/p>","protected":false},"author":1,"featured_media":0,"parent":0,"menu_order":0,"comment_status":"closed","ping_status":"closed","template":"","meta":{"_uag_custom_page_level_css":"","_mi_skip_tracking":false,"_monsterinsights_sitenote_active":false,"_monsterinsights_sitenote_note":"","_monsterinsights_sitenote_category":0,"site-sidebar-layout":"no-sidebar","site-content-layout":"page-builder","ast-site-content-layout":"","site-content-style":"default","site-sidebar-style":"default","ast-global-header-display":"","ast-banner-title-visibility":"","ast-main-header-display":"","ast-hfb-above-header-display":"","ast-hfb-below-header-display":"","ast-hfb-mobile-header-display":"","site-post-title":"disabled","ast-breadcrumbs-content":"","ast-featured-img":"disabled","footer-sml-layout":"","theme-transparent-header-meta":"enabled","adv-header-id-meta":"","stick-header-meta":"","header-above-stick-meta":"","header-main-stick-meta":"","header-below-stick-meta":"","astra-migrate-meta-layouts":"default","ast-page-background-enabled":"default","ast-page-background-meta":{"desktop":{"background-color":"var(--ast-global-color-4)","background-image":"","background-repeat":"repeat","background-position":"center center","background-size":"auto","background-attachment":"scroll","background-type":"","background-media":"","overlay-type":"","overlay-color":"","overlay-opacity":"","overlay-gradient":""},"tablet":{"background-color":"","background-image":"","background-repeat":"repeat","background-position":"center center","background-size":"auto","background-attachment":"scroll","background-type":"","background-media":"","overlay-type":"","overlay-color":"","overlay-opacity":"","overlay-gradient":""},"mobile":{"background-color":"","background-image":"","background-repeat":"repeat","background-position":"center center","background-size":"auto","background-attachment":"scroll","background-type":"","background-media":"","overlay-type":"","overlay-color":"","overlay-opacity":"","overlay-gradient":""}},"ast-content-background-meta":{"desktop":{"background-color":"var(--ast-global-color-5)","background-image":"","background-repeat":"repeat","background-position":"center center","background-size":"auto","background-attachment":"scroll","background-type":"","background-media":"","overlay-type":"","overlay-color":"","overlay-opacity":"","overlay-gradient":""},"tablet":{"background-color":"var(--ast-global-color-5)","background-image":"","background-repeat":"repeat","background-position":"center center","background-size":"auto","background-attachment":"scroll","background-type":"","background-media":"","overlay-type":"","overlay-color":"","overlay-opacity":"","overlay-gradient":""},"mobile":{"background-color":"var(--ast-global-color-5)","background-image":"","background-repeat":"repeat","background-position":"center center","background-size":"auto","background-attachment":"scroll","background-type":"","background-media":"","overlay-type":"","overlay-color":"","overlay-opacity":"","overlay-gradient":""}},"footnotes":""},"class_list":["post-2490","page","type-page","status-publish","hentry"],"yoast_head":"<!-- This site is optimized with the Yoast SEO plugin v20.8 - https:\/\/yoast.com\/wordpress\/plugins\/seo\/ -->\n<title>Blog - Seaalgarve<\/title>\n<meta name=\"robots\" content=\"index, follow, max-snippet:-1, max-image-preview:large, max-video-preview:-1\" \/>\n<link rel=\"canonical\" href=\"https:\/\/seaalgarve.com\/pt\/blog\/\" \/>\n<meta property=\"og:locale\" content=\"pt_PT\" \/>\n<meta property=\"og:type\" content=\"article\" \/>\n<meta property=\"og:title\" content=\"Blog - Seaalgarve\" \/>\n<meta property=\"og:description\" content=\"Explore the Algarve\" \/>\n<meta property=\"og:url\" content=\"https:\/\/seaalgarve.com\/pt\/blog\/\" \/>\n<meta property=\"og:site_name\" content=\"Seaalgarve\" \/>\n<meta property=\"article:modified_time\" content=\"2023-06-15T15:00:57+00:00\" \/>\n<meta property=\"og:image\" content=\"https:\/\/seaalgarve.com\/wp-content\/uploads\/2023\/02\/tartaruga_sea_algarve-02-1024x1024.png\" \/>\n<meta name=\"twitter:card\" content=\"summary_large_image\" \/>\n<meta name=\"twitter:label1\" content=\"Tempo estimado de leitura\" \/>\n\t<meta name=\"twitter:data1\" content=\"2 minutos\" \/>\n<script type=\"application\/ld+json\" class=\"yoast-schema-graph\">{\"@context\":\"https:\/\/schema.org\",\"@graph\":[{\"@type\":\"WebPage\",\"@id\":\"https:\/\/seaalgarve.com\/blog\/\",\"url\":\"https:\/\/seaalgarve.com\/blog\/\",\"name\":\"Blog - Seaalgarve\",\"isPartOf\":{\"@id\":\"https:\/\/seaalgarve.com\/#website\"},\"datePublished\":\"2023-06-01T15:37:38+00:00\",\"dateModified\":\"2023-06-15T15:00:57+00:00\",\"breadcrumb\":{\"@id\":\"https:\/\/seaalgarve.com\/blog\/#breadcrumb\"},\"inLanguage\":\"pt-PT\",\"potentialAction\":[{\"@type\":\"ReadAction\",\"target\":[\"https:\/\/seaalgarve.com\/blog\/\"]}]},{\"@type\":\"BreadcrumbList\",\"@id\":\"https:\/\/seaalgarve.com\/blog\/#breadcrumb\",\"itemListElement\":[{\"@type\":\"ListItem\",\"position\":1,\"name\":\"Home\",\"item\":\"https:\/\/seaalgarve.com\/\"},{\"@type\":\"ListItem\",\"position\":2,\"name\":\"Blog\"}]},{\"@type\":\"WebSite\",\"@id\":\"https:\/\/seaalgarve.com\/#website\",\"url\":\"https:\/\/seaalgarve.com\/\",\"name\":\"Seaalgarve\",\"description\":\"Benagil Caves &amp; Algarve SUP, Kayak and Boat Tours\",\"publisher\":{\"@id\":\"https:\/\/seaalgarve.com\/#organization\"},\"potentialAction\":[{\"@type\":\"SearchAction\",\"target\":{\"@type\":\"EntryPoint\",\"urlTemplate\":\"https:\/\/seaalgarve.com\/?s={search_term_string}\"},\"query-input\":\"required name=search_term_string\"}],\"inLanguage\":\"pt-PT\"},{\"@type\":\"Organization\",\"@id\":\"https:\/\/seaalgarve.com\/#organization\",\"name\":\"Seaalgarve\",\"url\":\"https:\/\/seaalgarve.com\/\",\"logo\":{\"@type\":\"ImageObject\",\"inLanguage\":\"pt-PT\",\"@id\":\"https:\/\/seaalgarve.com\/#\/schema\/logo\/image\/\",\"url\":\"https:\/\/seaalgarve.com\/wp-content\/uploads\/2022\/03\/cropped-sealgarve-logo-1.png\",\"contentUrl\":\"https:\/\/seaalgarve.com\/wp-content\/uploads\/2022\/03\/cropped-sealgarve-logo-1.png\",\"width\":382,\"height\":186,\"caption\":\"Seaalgarve\"},\"image\":{\"@id\":\"https:\/\/seaalgarve.com\/#\/schema\/logo\/image\/\"}}]}<\/script>\n<!-- \/ Yoast SEO plugin. -->","yoast_head_json":{"title":"Blog - Seaalgarve","robots":{"index":"index","follow":"follow","max-snippet":"max-snippet:-1","max-image-preview":"max-image-preview:large","max-video-preview":"max-video-preview:-1"},"canonical":"https:\/\/seaalgarve.com\/pt\/blog\/","og_locale":"pt_PT","og_type":"article","og_title":"Blog - Seaalgarve","og_description":"Explore the Algarve","og_url":"https:\/\/seaalgarve.com\/pt\/blog\/","og_site_name":"Seaalgarve","article_modified_time":"2023-06-15T15:00:57+00:00","og_image":[{"url":"https:\/\/seaalgarve.com\/wp-content\/uploads\/2023\/02\/tartaruga_sea_algarve-02-1024x1024.png"}],"twitter_card":"summary_large_image","twitter_misc":{"Tempo estimado de leitura":"2 minutos"},"schema":{"@context":"https:\/\/schema.org","@graph":[{"@type":"WebPage","@id":"https:\/\/seaalgarve.com\/blog\/","url":"https:\/\/seaalgarve.com\/blog\/","name":"Blog - Seaalgarve","isPartOf":{"@id":"https:\/\/seaalgarve.com\/#website"},"datePublished":"2023-06-01T15:37:38+00:00","dateModified":"2023-06-15T15:00:57+00:00","breadcrumb":{"@id":"https:\/\/seaalgarve.com\/blog\/#breadcrumb"},"inLanguage":"pt-PT","potentialAction":[{"@type":"ReadAction","target":["https:\/\/seaalgarve.com\/blog\/"]}]},{"@type":"BreadcrumbList","@id":"https:\/\/seaalgarve.com\/blog\/#breadcrumb","itemListElement":[{"@type":"ListItem","position":1,"name":"Home","item":"https:\/\/seaalgarve.com\/"},{"@type":"ListItem","position":2,"name":"Blog"}]},{"@type":"WebSite","@id":"https:\/\/seaalgarve.com\/#website","url":"https:\/\/seaalgarve.com\/","name":"Seaalgarve","description":"Benagil Caves &amp; Algarve SUP, Kayak and Boat Tours","publisher":{"@id":"https:\/\/seaalgarve.com\/#organization"},"potentialAction":[{"@type":"SearchAction","target":{"@type":"EntryPoint","urlTemplate":"https:\/\/seaalgarve.com\/?s={search_term_string}"},"query-input":"required name=search_term_string"}],"inLanguage":"pt-PT"},{"@type":"Organization","@id":"https:\/\/seaalgarve.com\/#organization","name":"Seaalgarve","url":"https:\/\/seaalgarve.com\/","logo":{"@type":"ImageObject","inLanguage":"pt-PT","@id":"https:\/\/seaalgarve.com\/#\/schema\/logo\/image\/","url":"https:\/\/seaalgarve.com\/wp-content\/uploads\/2022\/03\/cropped-sealgarve-logo-1.png","contentUrl":"https:\/\/seaalgarve.com\/wp-content\/uploads\/2022\/03\/cropped-sealgarve-logo-1.png","width":382,"height":186,"caption":"Seaalgarve"},"image":{"@id":"https:\/\/seaalgarve.com\/#\/schema\/logo\/image\/"}}]}},"uagb_featured_image_src":{"full":false,"thumbnail":false,"medium":false,"medium_large":false,"large":false,"1536x1536":false,"2048x2048":false,"trp-custom-language-flag":false},"uagb_author_info":{"display_name":"pwdbackoffice","author_link":"https:\/\/seaalgarve.com\/pt\/author\/pwdbackoffice\/"},"uagb_comment_info":0,"uagb_excerpt":"Explore the Algarve","_links":{"self":[{"href":"https:\/\/seaalgarve.com\/pt\/wp-json\/wp\/v2\/pages\/2490","targetHints":{"allow":["GET"]}}],"collection":[{"href":"https:\/\/seaalgarve.com\/pt\/wp-json\/wp\/v2\/pages"}],"about":[{"href":"https:\/\/seaalgarve.com\/pt\/wp-json\/wp\/v2\/types\/page"}],"author":[{"embeddable":true,"href":"https:\/\/seaalgarve.com\/pt\/wp-json\/wp\/v2\/users\/1"}],"replies":[{"embeddable":true,"href":"https:\/\/seaalgarve.com\/pt\/wp-json\/wp\/v2\/comments?post=2490"}],"version-history":[{"count":23,"href":"https:\/\/seaalgarve.com\/pt\/wp-json\/wp\/v2\/pages\/2490\/revisions"}],"predecessor-version":[{"id":2562,"href":"https:\/\/seaalgarve.com\/pt\/wp-json\/wp\/v2\/pages\/2490\/revisions\/2562"}],"wp:attachment":[{"href":"https:\/\/seaalgarve.com\/pt\/wp-json\/wp\/v2\/media?parent=2490"}],"curies":[{"name":"wp","href":"https:\/\/api.w.org\/{rel}","templated":true}]}}