{"id":1720,"date":"2022-03-28T13:34:23","date_gmt":"2022-03-28T13:34:23","guid":{"rendered":"https:\/\/seaalgarve.com\/?page_id=1720"},"modified":"2023-03-14T15:08:25","modified_gmt":"2023-03-14T15:08:25","slug":"private-hire","status":"publish","type":"page","link":"https:\/\/seaalgarve.com\/pt\/private-hire\/","title":{"rendered":"Aluguer Privado"},"content":{"rendered":"<div data-elementor-type=\"wp-page\" data-elementor-id=\"1720\" class=\"elementor elementor-1720\" data-elementor-post-type=\"page\">\n\t\t\t\t\t\t<section class=\"elementor-section elementor-top-section elementor-element elementor-element-c8ddeb6 elementor-section-height-min-height elementor-section-boxed elementor-section-height-default elementor-section-items-middle\" data-id=\"c8ddeb6\" data-element_type=\"section\" data-settings=\"{&quot;background_background&quot;:&quot;classic&quot;,&quot;shape_divider_bottom&quot;:&quot;waves&quot;}\">\n\t\t\t\t\t\t\t<div class=\"elementor-background-overlay\"><\/div>\n\t\t\t\t\t\t<div class=\"elementor-shape elementor-shape-bottom\" aria-hidden=\"true\" data-negative=\"false\">\n\t\t\t<svg xmlns=\"http:\/\/www.w3.org\/2000\/svg\" viewbox=\"0 0 1000 100\" preserveaspectratio=\"none\">\n\t<path class=\"elementor-shape-fill\" d=\"M421.9,6.5c22.6-2.5,51.5,0.4,75.5,5.3c23.6,4.9,70.9,23.5,100.5,35.7c75.8,32.2,133.7,44.5,192.6,49.7\tc23.6,2.1,48.7,3.5,103.4-2.5c54.7-6,106.2-25.6,106.2-25.6V0H0v30.3c0,0,72,32.6,158.4,30.5c39.2-0.7,92.8-6.7,134-22.4\tc21.2-8.1,52.2-18.2,79.7-24.2C399.3,7.9,411.6,7.5,421.9,6.5z\"\/>\n<\/svg>\t\t<\/div>\n\t\t\t\t\t<div class=\"elementor-container elementor-column-gap-default\">\n\t\t\t\t\t<div class=\"elementor-column elementor-col-100 elementor-top-column elementor-element elementor-element-6a5337e\" data-id=\"6a5337e\" data-element_type=\"column\">\n\t\t\t<div class=\"elementor-widget-wrap elementor-element-populated\">\n\t\t\t\t\t\t<div class=\"elementor-element elementor-element-feefb6c elementor-widget elementor-widget-heading\" data-id=\"feefb6c\" data-element_type=\"widget\" data-widget_type=\"heading.default\">\n\t\t\t\t<div class=\"elementor-widget-container\">\n\t\t\t\t\t<h1 class=\"elementor-heading-title elementor-size-default\">Aluguer Privado<\/h1>\t\t\t\t<\/div>\n\t\t\t\t<\/div>\n\t\t\t\t<div class=\"elementor-element elementor-element-e43bedf elementor-widget elementor-widget-html\" data-id=\"e43bedf\" data-element_type=\"widget\" data-widget_type=\"html.default\">\n\t\t\t\t<div class=\"elementor-widget-container\">\n\t\t\t\t\t<a class=\"hero-mouse anchor\" href=\"#ouractivities\">\r\n  <div class=\"mouse-icon\"><span><\/span><\/div>\r\n<\/a>\t\t\t\t<\/div>\n\t\t\t\t<\/div>\n\t\t\t\t\t<\/div>\n\t\t<\/div>\n\t\t\t\t\t<\/div>\n\t\t<\/section>\n\t\t\t\t<section class=\"elementor-section elementor-top-section elementor-element elementor-element-034f786 elementor-section-boxed elementor-section-height-default elementor-section-height-default\" data-id=\"034f786\" data-element_type=\"section\">\n\t\t\t\t\t\t<div class=\"elementor-container elementor-column-gap-default\">\n\t\t\t\t\t<div class=\"elementor-column elementor-col-100 elementor-top-column elementor-element elementor-element-ba0c118\" data-id=\"ba0c118\" data-element_type=\"column\">\n\t\t\t<div class=\"elementor-widget-wrap elementor-element-populated\">\n\t\t\t\t\t\t<section class=\"elementor-section elementor-inner-section elementor-element elementor-element-d762106 elementor-section-boxed elementor-section-height-default elementor-section-height-default\" data-id=\"d762106\" data-element_type=\"section\">\n\t\t\t\t\t\t<div class=\"elementor-container elementor-column-gap-default\">\n\t\t\t\t\t<div class=\"elementor-column elementor-col-100 elementor-inner-column elementor-element elementor-element-08ec54c\" data-id=\"08ec54c\" data-element_type=\"column\">\n\t\t\t<div class=\"elementor-widget-wrap elementor-element-populated\">\n\t\t\t\t\t\t<div class=\"elementor-element elementor-element-8fa3d11 elementor-widget elementor-widget-text-editor\" data-id=\"8fa3d11\" data-element_type=\"widget\" data-widget_type=\"text-editor.default\">\n\t\t\t\t<div class=\"elementor-widget-container\">\n\t\t\t\t\t\t\t\t\t<p>A mossa equipa disp\u00f5e um grande conhecimento local e falamos v\u00e1rios idiomas. Adoramos o que fazemos, e \u00e9 por isso que estamos dedicados e animados para garantir que tenha uma experi\u00eancia fant\u00e1stica connosco.<\/p>\t\t\t\t\t\t\t\t<\/div>\n\t\t\t\t<\/div>\n\t\t\t\t<div class=\"elementor-element elementor-element-2699187 elementor-widget elementor-widget-heading\" data-id=\"2699187\" data-element_type=\"widget\" data-widget_type=\"heading.default\">\n\t\t\t\t<div class=\"elementor-widget-container\">\n\t\t\t\t\t<h2 class=\"elementor-heading-title elementor-size-default\">Se est\u00e1 a pensar alugar um barco em Albufeira oferecemos-lhe um servi\u00e7o personalizado, basta fazer o seu pedido<\/h2>\t\t\t\t<\/div>\n\t\t\t\t<\/div>\n\t\t\t\t<div class=\"elementor-element elementor-element-d918911 elementor-button-align-stretch elementor-widget elementor-widget-form\" data-id=\"d918911\" data-element_type=\"widget\" data-settings=\"{&quot;step_next_label&quot;:&quot;Next&quot;,&quot;step_previous_label&quot;:&quot;Previous&quot;,&quot;button_width&quot;:&quot;100&quot;,&quot;step_type&quot;:&quot;number_text&quot;,&quot;step_icon_shape&quot;:&quot;circle&quot;}\" data-widget_type=\"form.default\">\n\t\t\t\t<div class=\"elementor-widget-container\">\n\t\t\t\t\t\t\t<form class=\"elementor-form\" method=\"post\" name=\"New Form\" action=\"\">\n\t\t\t<input type=\"hidden\" name=\"post_id\" value=\"1720\"\/>\n\t\t\t<input type=\"hidden\" name=\"form_id\" value=\"d918911\"\/>\n\t\t\t<input type=\"hidden\" name=\"referer_title\" value=\"Seaalgarve\" \/>\n\n\t\t\t\n\t\t\t<div class=\"elementor-form-fields-wrapper elementor-labels-above\">\n\t\t\t\t\t\t\t\t<div class=\"elementor-field-type-text elementor-field-group elementor-column elementor-field-group-name elementor-col-100 elementor-field-required elementor-mark-required\">\n\t\t\t\t\t\t\t\t\t\t\t\t<label for=\"form-field-name\" class=\"elementor-field-label\">\n\t\t\t\t\t\t\t\tNome\t\t\t\t\t\t\t<\/label>\n\t\t\t\t\t\t\t\t\t\t\t\t\t\t<input size=\"1\" type=\"text\" name=\"form_fields[name]\" id=\"form-field-name\" class=\"elementor-field elementor-size-sm  elementor-field-textual\" required=\"required\" aria-required=\"true\">\n\t\t\t\t\t\t\t\t\t\t\t<\/div>\n\t\t\t\t\t\t\t\t<div class=\"elementor-field-type-email elementor-field-group elementor-column elementor-field-group-email elementor-col-100 elementor-field-required elementor-mark-required\">\n\t\t\t\t\t\t\t\t\t\t\t\t<label for=\"form-field-email\" class=\"elementor-field-label\">\n\t\t\t\t\t\t\t\tEmail\t\t\t\t\t\t\t<\/label>\n\t\t\t\t\t\t\t\t\t\t\t\t\t\t<input size=\"1\" type=\"email\" name=\"form_fields[email]\" id=\"form-field-email\" class=\"elementor-field elementor-size-sm  elementor-field-textual\" required=\"required\" aria-required=\"true\">\n\t\t\t\t\t\t\t\t\t\t\t<\/div>\n\t\t\t\t\t\t\t\t<div class=\"elementor-field-type-checkbox elementor-field-group elementor-column elementor-field-group-field_8ffd49f elementor-col-100\">\n\t\t\t\t\t\t\t\t\t\t\t\t<label for=\"form-field-field_8ffd49f\" class=\"elementor-field-label\">\n\t\t\t\t\t\t\t\tSelecione as atividades que quer fazer :\t\t\t\t\t\t\t<\/label>\n\t\t\t\t\t\t<div class=\"elementor-field-subgroup  elementor-subgroup-inline\"><span class=\"elementor-field-option\"><input type=\"checkbox\" value=\"Kayak\" id=\"form-field-field_8ffd49f-0\" name=\"form_fields[field_8ffd49f][]\"> <label for=\"form-field-field_8ffd49f-0\">Caiaque<\/label><\/span><span class=\"elementor-field-option\"><input type=\"checkbox\" value=\"Stand up Paddle (SUP)\" id=\"form-field-field_8ffd49f-1\" name=\"form_fields[field_8ffd49f][]\"> <label for=\"form-field-field_8ffd49f-1\">Stand up Paddle (SUP)<\/label><\/span><span class=\"elementor-field-option\"><input type=\"checkbox\" value=\"Coastline Boat Tour\" id=\"form-field-field_8ffd49f-2\" name=\"form_fields[field_8ffd49f][]\"> <label for=\"form-field-field_8ffd49f-2\">Passeio de barco pelo litoral<\/label><\/span><\/div>\t\t\t\t<\/div>\n\t\t\t\t\t\t\t\t<div class=\"elementor-field-type-select elementor-field-group elementor-column elementor-field-group-field_260c1d0 elementor-col-100\">\n\t\t\t\t\t\t\t\t\t\t\t\t<label for=\"form-field-field_260c1d0\" class=\"elementor-field-label\">\n\t\t\t\t\t\t\t\tTipo de Evento\t\t\t\t\t\t\t<\/label>\n\t\t\t\t\t\t\t\t<div class=\"elementor-field elementor-select-wrapper remove-before\">\n\t\t\t<div class=\"select-caret-down-wrapper\">\n\t\t\t\t<i aria-hidden=\"true\" class=\"eicon-caret-down\"><\/i>\t\t\t<\/div>\n\t\t\t<select name=\"form_fields[field_260c1d0]\" id=\"form-field-field_260c1d0\" class=\"elementor-field-textual elementor-size-sm\">\n\t\t\t\t\t\t\t\t\t<option value=\"Birthday\">Birthday<\/option>\n\t\t\t\t\t\t\t\t\t<option value=\"Stag or Hen Party\">Stag or Hen Party<\/option>\n\t\t\t\t\t\t\t\t\t<option value=\"Corporate Event\">Corporate Event<\/option>\n\t\t\t\t\t\t\t\t\t<option value=\"Other\">Other<\/option>\n\t\t\t\t\t\t\t<\/select>\n\t\t<\/div>\n\t\t\t\t\t\t<\/div>\n\t\t\t\t\t\t\t\t<div class=\"elementor-field-type-number elementor-field-group elementor-column elementor-field-group-field_1f3903a elementor-col-100\">\n\t\t\t\t\t\t\t\t\t\t\t\t<label for=\"form-field-field_1f3903a\" class=\"elementor-field-label\">\n\t\t\t\t\t\t\t\tN\u00ba de Pessoas\t\t\t\t\t\t\t<\/label>\n\t\t\t\t\t\t\t\t\t<input type=\"number\" name=\"form_fields[field_1f3903a]\" id=\"form-field-field_1f3903a\" class=\"elementor-field elementor-size-sm  elementor-field-textual\" min=\"\" max=\"\" >\n\t\t\t\t\t\t<\/div>\n\t\t\t\t\t\t\t\t<div class=\"elementor-field-type-date elementor-field-group elementor-column elementor-field-group-field_0a79998 elementor-col-100\">\n\t\t\t\t\t\t\t\t\t\t\t\t<label for=\"form-field-field_0a79998\" class=\"elementor-field-label\">\n\t\t\t\t\t\t\t\tData de prefer\u00eancia\t\t\t\t\t\t\t<\/label>\n\t\t\t\t\t\t\n\t\t<input type=\"date\" name=\"form_fields[field_0a79998]\" id=\"form-field-field_0a79998\" class=\"elementor-field elementor-size-sm  elementor-field-textual elementor-date-field\" pattern=\"[0-9]{4}-[0-9]{2}-[0-9]{2}\">\n\t\t\t\t\t\t<\/div>\n\t\t\t\t\t\t\t\t<div class=\"elementor-field-type-textarea elementor-field-group elementor-column elementor-field-group-message elementor-col-100 elementor-field-required elementor-mark-required\">\n\t\t\t\t\t\t\t\t\t\t\t\t<label for=\"form-field-message\" class=\"elementor-field-label\">\n\t\t\t\t\t\t\t\tMensagem\t\t\t\t\t\t\t<\/label>\n\t\t\t\t\t\t<textarea class=\"elementor-field-textual elementor-field  elementor-size-sm\" name=\"form_fields[message]\" id=\"form-field-message\" rows=\"4\" placeholder=\"Descreva o que deseja fazer na sua experi\u00eancia privada\" required=\"required\" aria-required=\"true\"><\/textarea>\t\t\t\t<\/div>\n\t\t\t\t\t\t\t\t<div class=\"elementor-field-group elementor-column elementor-field-type-submit elementor-col-100 e-form__buttons\">\n\t\t\t\t\t<button type=\"submit\" class=\"elementor-button elementor-size-sm\">\n\t\t\t\t\t\t<span >\n\t\t\t\t\t\t\t\t\t\t\t\t\t\t\t<span class=\"elementor-button-icon\">\n\t\t\t\t\t\t\t\t\t\t\t\t\t\t\t\t\t\t\t\t\t\t\t\t\t\t<\/span>\n\t\t\t\t\t\t\t\t\t\t\t\t\t\t\t\t\t\t\t\t\t\t<span class=\"elementor-button-text\">Enviar<\/span>\n\t\t\t\t\t\t\t\t\t\t\t\t\t<\/span>\n\t\t\t\t\t<\/button>\n\t\t\t\t<\/div>\n\t\t\t<\/div>\n\t\t<input type=\"hidden\" name=\"trp-form-language\" value=\"pt\"\/><\/form>\n\t\t\t\t\t\t<\/div>\n\t\t\t\t<\/div>\n\t\t\t\t\t<\/div>\n\t\t<\/div>\n\t\t\t\t\t<\/div>\n\t\t<\/section>\n\t\t\t\t\t<\/div>\n\t\t<\/div>\n\t\t\t\t\t<\/div>\n\t\t<\/section>\n\t\t\t\t<\/div>","protected":false},"excerpt":{"rendered":"<p>PRIVATE HIRE Our team has a wide range of local knowledge and we speak several languages. We love what we do, which is why we are dedicated and excited to ensure you have a fantastic experience with us. If you are thinking of renting a boat in Albufeira we offer you a personalized service, just [&hellip;]<\/p>","protected":false},"author":1,"featured_media":0,"parent":0,"menu_order":0,"comment_status":"closed","ping_status":"closed","template":"","meta":{"_uag_custom_page_level_css":"","_mi_skip_tracking":false,"_monsterinsights_sitenote_active":false,"_monsterinsights_sitenote_note":"","_monsterinsights_sitenote_category":0,"site-sidebar-layout":"no-sidebar","site-content-layout":"page-builder","ast-site-content-layout":"","site-content-style":"default","site-sidebar-style":"default","ast-global-header-display":"","ast-banner-title-visibility":"","ast-main-header-display":"","ast-hfb-above-header-display":"","ast-hfb-below-header-display":"","ast-hfb-mobile-header-display":"","site-post-title":"disabled","ast-breadcrumbs-content":"","ast-featured-img":"disabled","footer-sml-layout":"","theme-transparent-header-meta":"enabled","adv-header-id-meta":"","stick-header-meta":"","header-above-stick-meta":"","header-main-stick-meta":"","header-below-stick-meta":"","astra-migrate-meta-layouts":"default","ast-page-background-enabled":"default","ast-page-background-meta":{"desktop":{"background-color":"var(--ast-global-color-4)","background-image":"","background-repeat":"repeat","background-position":"center center","background-size":"auto","background-attachment":"scroll","background-type":"","background-media":"","overlay-type":"","overlay-color":"","overlay-opacity":"","overlay-gradient":""},"tablet":{"background-color":"","background-image":"","background-repeat":"repeat","background-position":"center center","background-size":"auto","background-attachment":"scroll","background-type":"","background-media":"","overlay-type":"","overlay-color":"","overlay-opacity":"","overlay-gradient":""},"mobile":{"background-color":"","background-image":"","background-repeat":"repeat","background-position":"center center","background-size":"auto","background-attachment":"scroll","background-type":"","background-media":"","overlay-type":"","overlay-color":"","overlay-opacity":"","overlay-gradient":""}},"ast-content-background-meta":{"desktop":{"background-color":"var(--ast-global-color-5)","background-image":"","background-repeat":"repeat","background-position":"center center","background-size":"auto","background-attachment":"scroll","background-type":"","background-media":"","overlay-type":"","overlay-color":"","overlay-opacity":"","overlay-gradient":""},"tablet":{"background-color":"var(--ast-global-color-5)","background-image":"","background-repeat":"repeat","background-position":"center center","background-size":"auto","background-attachment":"scroll","background-type":"","background-media":"","overlay-type":"","overlay-color":"","overlay-opacity":"","overlay-gradient":""},"mobile":{"background-color":"var(--ast-global-color-5)","background-image":"","background-repeat":"repeat","background-position":"center center","background-size":"auto","background-attachment":"scroll","background-type":"","background-media":"","overlay-type":"","overlay-color":"","overlay-opacity":"","overlay-gradient":""}},"footnotes":""},"class_list":["post-1720","page","type-page","status-publish","hentry"],"yoast_head":"<!-- This site is optimized with the Yoast SEO plugin v20.8 - https:\/\/yoast.com\/wordpress\/plugins\/seo\/ -->\n<title>Private Hire - Seaalgarve<\/title>\n<meta name=\"robots\" content=\"index, follow, max-snippet:-1, max-image-preview:large, max-video-preview:-1\" \/>\n<link rel=\"canonical\" href=\"https:\/\/seaalgarve.com\/pt\/private-hire\/\" \/>\n<meta property=\"og:locale\" content=\"pt_PT\" \/>\n<meta property=\"og:type\" content=\"article\" \/>\n<meta property=\"og:title\" content=\"Private Hire - Seaalgarve\" \/>\n<meta property=\"og:description\" content=\"PRIVATE HIRE Our team has a wide range of local knowledge and we speak several languages. We love what we do, which is why we are dedicated and excited to ensure you have a fantastic experience with us. If you are thinking of renting a boat in Albufeira we offer you a personalized service, just [&hellip;]\" \/>\n<meta property=\"og:url\" content=\"https:\/\/seaalgarve.com\/pt\/private-hire\/\" \/>\n<meta property=\"og:site_name\" content=\"Seaalgarve\" \/>\n<meta property=\"article:modified_time\" content=\"2023-03-14T15:08:25+00:00\" \/>\n<meta name=\"twitter:card\" content=\"summary_large_image\" \/>\n<meta name=\"twitter:label1\" content=\"Tempo estimado de leitura\" \/>\n\t<meta name=\"twitter:data1\" content=\"2 minutos\" \/>\n<script type=\"application\/ld+json\" class=\"yoast-schema-graph\">{\"@context\":\"https:\/\/schema.org\",\"@graph\":[{\"@type\":\"WebPage\",\"@id\":\"https:\/\/seaalgarve.com\/pt\/private-hire\/\",\"url\":\"https:\/\/seaalgarve.com\/pt\/private-hire\/\",\"name\":\"Private Hire - Seaalgarve\",\"isPartOf\":{\"@id\":\"https:\/\/seaalgarve.com\/#website\"},\"datePublished\":\"2022-03-28T13:34:23+00:00\",\"dateModified\":\"2023-03-14T15:08:25+00:00\",\"breadcrumb\":{\"@id\":\"https:\/\/seaalgarve.com\/pt\/private-hire\/#breadcrumb\"},\"inLanguage\":\"pt-PT\",\"potentialAction\":[{\"@type\":\"ReadAction\",\"target\":[\"https:\/\/seaalgarve.com\/pt\/private-hire\/\"]}]},{\"@type\":\"BreadcrumbList\",\"@id\":\"https:\/\/seaalgarve.com\/pt\/private-hire\/#breadcrumb\",\"itemListElement\":[{\"@type\":\"ListItem\",\"position\":1,\"name\":\"Home\",\"item\":\"https:\/\/seaalgarve.com\/\"},{\"@type\":\"ListItem\",\"position\":2,\"name\":\"Private Hire\"}]},{\"@type\":\"WebSite\",\"@id\":\"https:\/\/seaalgarve.com\/#website\",\"url\":\"https:\/\/seaalgarve.com\/\",\"name\":\"Seaalgarve\",\"description\":\"Benagil Caves &amp; Algarve SUP, Kayak and Boat Tours\",\"publisher\":{\"@id\":\"https:\/\/seaalgarve.com\/#organization\"},\"potentialAction\":[{\"@type\":\"SearchAction\",\"target\":{\"@type\":\"EntryPoint\",\"urlTemplate\":\"https:\/\/seaalgarve.com\/?s={search_term_string}\"},\"query-input\":\"required name=search_term_string\"}],\"inLanguage\":\"pt-PT\"},{\"@type\":\"Organization\",\"@id\":\"https:\/\/seaalgarve.com\/#organization\",\"name\":\"Seaalgarve\",\"url\":\"https:\/\/seaalgarve.com\/\",\"logo\":{\"@type\":\"ImageObject\",\"inLanguage\":\"pt-PT\",\"@id\":\"https:\/\/seaalgarve.com\/#\/schema\/logo\/image\/\",\"url\":\"https:\/\/seaalgarve.com\/wp-content\/uploads\/2022\/03\/cropped-sealgarve-logo-1.png\",\"contentUrl\":\"https:\/\/seaalgarve.com\/wp-content\/uploads\/2022\/03\/cropped-sealgarve-logo-1.png\",\"width\":382,\"height\":186,\"caption\":\"Seaalgarve\"},\"image\":{\"@id\":\"https:\/\/seaalgarve.com\/#\/schema\/logo\/image\/\"}}]}<\/script>\n<!-- \/ Yoast SEO plugin. -->","yoast_head_json":{"title":"Private Hire - Seaalgarve","robots":{"index":"index","follow":"follow","max-snippet":"max-snippet:-1","max-image-preview":"max-image-preview:large","max-video-preview":"max-video-preview:-1"},"canonical":"https:\/\/seaalgarve.com\/pt\/private-hire\/","og_locale":"pt_PT","og_type":"article","og_title":"Private Hire - Seaalgarve","og_description":"PRIVATE HIRE Our team has a wide range of local knowledge and we speak several languages. We love what we do, which is why we are dedicated and excited to ensure you have a fantastic experience with us. If you are thinking of renting a boat in Albufeira we offer you a personalized service, just [&hellip;]","og_url":"https:\/\/seaalgarve.com\/pt\/private-hire\/","og_site_name":"Seaalgarve","article_modified_time":"2023-03-14T15:08:25+00:00","twitter_card":"summary_large_image","twitter_misc":{"Tempo estimado de leitura":"2 minutos"},"schema":{"@context":"https:\/\/schema.org","@graph":[{"@type":"WebPage","@id":"https:\/\/seaalgarve.com\/pt\/private-hire\/","url":"https:\/\/seaalgarve.com\/pt\/private-hire\/","name":"Private Hire - Seaalgarve","isPartOf":{"@id":"https:\/\/seaalgarve.com\/#website"},"datePublished":"2022-03-28T13:34:23+00:00","dateModified":"2023-03-14T15:08:25+00:00","breadcrumb":{"@id":"https:\/\/seaalgarve.com\/pt\/private-hire\/#breadcrumb"},"inLanguage":"pt-PT","potentialAction":[{"@type":"ReadAction","target":["https:\/\/seaalgarve.com\/pt\/private-hire\/"]}]},{"@type":"BreadcrumbList","@id":"https:\/\/seaalgarve.com\/pt\/private-hire\/#breadcrumb","itemListElement":[{"@type":"ListItem","position":1,"name":"Home","item":"https:\/\/seaalgarve.com\/"},{"@type":"ListItem","position":2,"name":"Private Hire"}]},{"@type":"WebSite","@id":"https:\/\/seaalgarve.com\/#website","url":"https:\/\/seaalgarve.com\/","name":"Seaalgarve","description":"Benagil Caves &amp; Algarve SUP, Kayak and Boat Tours","publisher":{"@id":"https:\/\/seaalgarve.com\/#organization"},"potentialAction":[{"@type":"SearchAction","target":{"@type":"EntryPoint","urlTemplate":"https:\/\/seaalgarve.com\/?s={search_term_string}"},"query-input":"required name=search_term_string"}],"inLanguage":"pt-PT"},{"@type":"Organization","@id":"https:\/\/seaalgarve.com\/#organization","name":"Seaalgarve","url":"https:\/\/seaalgarve.com\/","logo":{"@type":"ImageObject","inLanguage":"pt-PT","@id":"https:\/\/seaalgarve.com\/#\/schema\/logo\/image\/","url":"https:\/\/seaalgarve.com\/wp-content\/uploads\/2022\/03\/cropped-sealgarve-logo-1.png","contentUrl":"https:\/\/seaalgarve.com\/wp-content\/uploads\/2022\/03\/cropped-sealgarve-logo-1.png","width":382,"height":186,"caption":"Seaalgarve"},"image":{"@id":"https:\/\/seaalgarve.com\/#\/schema\/logo\/image\/"}}]}},"uagb_featured_image_src":{"full":false,"thumbnail":false,"medium":false,"medium_large":false,"large":false,"1536x1536":false,"2048x2048":false,"trp-custom-language-flag":false},"uagb_author_info":{"display_name":"pwdbackoffice","author_link":"https:\/\/seaalgarve.com\/pt\/author\/pwdbackoffice\/"},"uagb_comment_info":0,"uagb_excerpt":"PRIVATE HIRE Our team has a wide range of local knowledge and we speak several languages. We love what we do, which is why we are dedicated and excited to ensure you have a fantastic experience with us. If you are thinking of renting a boat in Albufeira we offer you a personalized service, just&hellip;","_links":{"self":[{"href":"https:\/\/seaalgarve.com\/pt\/wp-json\/wp\/v2\/pages\/1720","targetHints":{"allow":["GET"]}}],"collection":[{"href":"https:\/\/seaalgarve.com\/pt\/wp-json\/wp\/v2\/pages"}],"about":[{"href":"https:\/\/seaalgarve.com\/pt\/wp-json\/wp\/v2\/types\/page"}],"author":[{"embeddable":true,"href":"https:\/\/seaalgarve.com\/pt\/wp-json\/wp\/v2\/users\/1"}],"replies":[{"embeddable":true,"href":"https:\/\/seaalgarve.com\/pt\/wp-json\/wp\/v2\/comments?post=1720"}],"version-history":[{"count":22,"href":"https:\/\/seaalgarve.com\/pt\/wp-json\/wp\/v2\/pages\/1720\/revisions"}],"predecessor-version":[{"id":2441,"href":"https:\/\/seaalgarve.com\/pt\/wp-json\/wp\/v2\/pages\/1720\/revisions\/2441"}],"wp:attachment":[{"href":"https:\/\/seaalgarve.com\/pt\/wp-json\/wp\/v2\/media?parent=1720"}],"curies":[{"name":"wp","href":"https:\/\/api.w.org\/{rel}","templated":true}]}}