{"id":1573,"date":"2022-03-17T14:41:51","date_gmt":"2022-03-17T14:41:51","guid":{"rendered":"https:\/\/seaalgarve.com\/?page_id=1573"},"modified":"2023-03-10T11:37:40","modified_gmt":"2023-03-10T11:37:40","slug":"boats","status":"publish","type":"page","link":"https:\/\/seaalgarve.com\/fr\/boats\/","title":{"rendered":"Boats"},"content":{"rendered":"<div data-elementor-type=\"wp-page\" data-elementor-id=\"1573\" class=\"elementor elementor-1573\" data-elementor-post-type=\"page\">\n\t\t\t\t\t\t<section class=\"elementor-section elementor-top-section elementor-element elementor-element-83746e8 elementor-section-height-min-height elementor-section-items-bottom elementor-section-boxed elementor-section-height-default\" data-id=\"83746e8\" data-element_type=\"section\" data-settings=\"{&quot;background_background&quot;:&quot;classic&quot;,&quot;shape_divider_bottom&quot;:&quot;waves&quot;}\">\n\t\t\t\t\t\t\t<div class=\"elementor-background-overlay\"><\/div>\n\t\t\t\t\t\t<div class=\"elementor-shape elementor-shape-bottom\" aria-hidden=\"true\" data-negative=\"false\">\n\t\t\t<svg xmlns=\"http:\/\/www.w3.org\/2000\/svg\" viewbox=\"0 0 1000 100\" preserveaspectratio=\"none\">\n\t<path class=\"elementor-shape-fill\" d=\"M421.9,6.5c22.6-2.5,51.5,0.4,75.5,5.3c23.6,4.9,70.9,23.5,100.5,35.7c75.8,32.2,133.7,44.5,192.6,49.7\tc23.6,2.1,48.7,3.5,103.4-2.5c54.7-6,106.2-25.6,106.2-25.6V0H0v30.3c0,0,72,32.6,158.4,30.5c39.2-0.7,92.8-6.7,134-22.4\tc21.2-8.1,52.2-18.2,79.7-24.2C399.3,7.9,411.6,7.5,421.9,6.5z\"\/>\n<\/svg>\t\t<\/div>\n\t\t\t\t\t<div class=\"elementor-container elementor-column-gap-default\">\n\t\t\t\t\t<div class=\"elementor-column elementor-col-100 elementor-top-column elementor-element elementor-element-09faee3\" data-id=\"09faee3\" data-element_type=\"column\">\n\t\t\t<div class=\"elementor-widget-wrap elementor-element-populated\">\n\t\t\t\t\t\t<div class=\"elementor-element elementor-element-c7152a9 elementor-widget elementor-widget-heading\" data-id=\"c7152a9\" data-element_type=\"widget\" data-widget_type=\"heading.default\">\n\t\t\t\t<div class=\"elementor-widget-container\">\n\t\t\t\t\t<h1 class=\"elementor-heading-title elementor-size-default\">boats<\/h1>\t\t\t\t<\/div>\n\t\t\t\t<\/div>\n\t\t\t\t<div class=\"elementor-element elementor-element-f33a036 elementor-widget elementor-widget-html\" data-id=\"f33a036\" data-element_type=\"widget\" data-widget_type=\"html.default\">\n\t\t\t\t<div class=\"elementor-widget-container\">\n\t\t\t\t\t<a class=\"hero-mouse anchor\" href=\"#ouractivities\">\r\n  <div class=\"mouse-icon\"><span><\/span><\/div>\r\n<\/a>\t\t\t\t<\/div>\n\t\t\t\t<\/div>\n\t\t\t\t\t<\/div>\n\t\t<\/div>\n\t\t\t\t\t<\/div>\n\t\t<\/section>\n\t\t\t\t<section class=\"elementor-section elementor-top-section elementor-element elementor-element-745b33b elementor-section-boxed elementor-section-height-default elementor-section-height-default\" data-id=\"745b33b\" data-element_type=\"section\">\n\t\t\t\t\t\t<div class=\"elementor-container elementor-column-gap-default\">\n\t\t\t\t\t<div class=\"elementor-column elementor-col-100 elementor-top-column elementor-element elementor-element-64811e1\" data-id=\"64811e1\" data-element_type=\"column\">\n\t\t\t<div class=\"elementor-widget-wrap elementor-element-populated\">\n\t\t\t\t\t\t<div class=\"elementor-element elementor-element-65e016f elementor-widget__width-initial elementor-absolute elementor-widget elementor-widget-image\" data-id=\"65e016f\" data-element_type=\"widget\" data-settings=\"{&quot;_position&quot;:&quot;absolute&quot;}\" data-widget_type=\"image.default\">\n\t\t\t\t<div class=\"elementor-widget-container\">\n\t\t\t\t\t\t\t\t\t\t\t\t\t\t\t<img fetchpriority=\"high\" decoding=\"async\" width=\"1024\" height=\"1024\" src=\"https:\/\/seaalgarve.com\/wp-content\/uploads\/2023\/02\/tartaruga_sea_algarve-02-1024x1024.png\" class=\"attachment-large size-large wp-image-2067\" alt=\"\" srcset=\"https:\/\/seaalgarve.com\/wp-content\/uploads\/2023\/02\/tartaruga_sea_algarve-02-1024x1024.png 1024w, https:\/\/seaalgarve.com\/wp-content\/uploads\/2023\/02\/tartaruga_sea_algarve-02-300x300.png 300w, https:\/\/seaalgarve.com\/wp-content\/uploads\/2023\/02\/tartaruga_sea_algarve-02-150x150.png 150w, https:\/\/seaalgarve.com\/wp-content\/uploads\/2023\/02\/tartaruga_sea_algarve-02-768x767.png 768w, https:\/\/seaalgarve.com\/wp-content\/uploads\/2023\/02\/tartaruga_sea_algarve-02-12x12.png 12w, https:\/\/seaalgarve.com\/wp-content\/uploads\/2023\/02\/tartaruga_sea_algarve-02.png 1458w\" sizes=\"(max-width: 1024px) 100vw, 1024px\" \/>\t\t\t\t\t\t\t\t\t\t\t\t\t\t\t<\/div>\n\t\t\t\t<\/div>\n\t\t\t\t\t<\/div>\n\t\t<\/div>\n\t\t\t\t\t<\/div>\n\t\t<\/section>\n\t\t\t\t<section class=\"elementor-section elementor-top-section elementor-element elementor-element-a92bf94 elementor-section-boxed elementor-section-height-default elementor-section-height-default\" data-id=\"a92bf94\" data-element_type=\"section\">\n\t\t\t\t\t\t<div class=\"elementor-container elementor-column-gap-default\">\n\t\t\t\t\t<div class=\"elementor-column elementor-col-50 elementor-top-column elementor-element elementor-element-f485586\" data-id=\"f485586\" data-element_type=\"column\">\n\t\t\t<div class=\"elementor-widget-wrap elementor-element-populated\">\n\t\t\t\t\t\t<div class=\"elementor-element elementor-element-c5f53e8 elementor--h-position-center elementor--v-position-middle elementor-arrows-position-inside elementor-pagination-position-inside elementor-widget elementor-widget-slides\" data-id=\"c5f53e8\" data-element_type=\"widget\" data-settings=\"{&quot;navigation&quot;:&quot;both&quot;,&quot;autoplay&quot;:&quot;yes&quot;,&quot;pause_on_hover&quot;:&quot;yes&quot;,&quot;pause_on_interaction&quot;:&quot;yes&quot;,&quot;autoplay_speed&quot;:5000,&quot;infinite&quot;:&quot;yes&quot;,&quot;transition&quot;:&quot;slide&quot;,&quot;transition_speed&quot;:500}\" data-widget_type=\"slides.default\">\n\t\t\t\t<div class=\"elementor-widget-container\">\n\t\t\t\t\t\t\t<div class=\"elementor-swiper\">\n\t\t\t<div class=\"elementor-slides-wrapper elementor-main-swiper swiper-container\" dir=\"ltr\" data-animation=\"fadeInUp\">\n\t\t\t\t<div class=\"swiper-wrapper elementor-slides\">\n\t\t\t\t\t\t\t\t\t\t<div class=\"elementor-repeater-item-524df68 swiper-slide\"><div class=\"swiper-slide-bg elementor-ken-burns elementor-ken-burns--in\" role=\"img\"><\/div><div class=\"swiper-slide-inner\" ><div class=\"swiper-slide-contents\"><\/div><\/div><\/div>\t\t\t\t<\/div>\n\t\t\t\t\t\t\t<\/div>\n\t\t<\/div>\n\t\t\t\t\t\t<\/div>\n\t\t\t\t<\/div>\n\t\t\t\t\t<\/div>\n\t\t<\/div>\n\t\t\t\t<div class=\"elementor-column elementor-col-50 elementor-top-column elementor-element elementor-element-7d00c84\" data-id=\"7d00c84\" data-element_type=\"column\" data-settings=\"{&quot;background_background&quot;:&quot;classic&quot;}\">\n\t\t\t<div class=\"elementor-widget-wrap elementor-element-populated\">\n\t\t\t\t\t\t<div class=\"elementor-element elementor-element-8ce1b85 elementor-widget elementor-widget-heading\" data-id=\"8ce1b85\" data-element_type=\"widget\" data-widget_type=\"heading.default\">\n\t\t\t\t<div class=\"elementor-widget-container\">\n\t\t\t\t\t<h4 class=\"elementor-heading-title elementor-size-default\">Zen Mar<\/h4>\t\t\t\t<\/div>\n\t\t\t\t<\/div>\n\t\t\t\t<div class=\"elementor-element elementor-element-c31e03f elementor-widget elementor-widget-text-editor\" data-id=\"c31e03f\" data-element_type=\"widget\" data-widget_type=\"text-editor.default\">\n\t\t\t\t<div class=\"elementor-widget-container\">\n\t\t\t\t\t\t\t\t\t<div>Notre catamaran d'une capacit\u00e9 de 30 personnes a \u00e9t\u00e9 construit sp\u00e9cialement pour le kayak et le sup. C'est un bateau tr\u00e8s stable, des bancs fixes, des toilettes et partiellement couvert avec un super \u00e9quipage pour s'occuper de vous.<\/div><div>\u00a0<\/div>\t\t\t\t\t\t\t\t<\/div>\n\t\t\t\t<\/div>\n\t\t\t\t<div class=\"elementor-element elementor-element-4182fb8 elementor-icon-list--layout-traditional elementor-list-item-link-full_width elementor-widget elementor-widget-icon-list\" data-id=\"4182fb8\" data-element_type=\"widget\" data-widget_type=\"icon-list.default\">\n\t\t\t\t<div class=\"elementor-widget-container\">\n\t\t\t\t\t\t\t<ul class=\"elementor-icon-list-items\">\n\t\t\t\t\t\t\t<li class=\"elementor-icon-list-item\">\n\t\t\t\t\t\t\t\t\t\t\t<span class=\"elementor-icon-list-icon\">\n\t\t\t\t\t\t\t<i aria-hidden=\"true\" class=\"fas fa-users\"><\/i>\t\t\t\t\t\t<\/span>\n\t\t\t\t\t\t\t\t\t\t<span class=\"elementor-icon-list-text\">Capacit\u00e9 : 30 personnes<\/span>\n\t\t\t\t\t\t\t\t\t<\/li>\n\t\t\t\t\t\t<\/ul>\n\t\t\t\t\t\t<\/div>\n\t\t\t\t<\/div>\n\t\t\t\t\t<\/div>\n\t\t<\/div>\n\t\t\t\t\t<\/div>\n\t\t<\/section>\n\t\t\t\t<section class=\"elementor-section elementor-top-section elementor-element elementor-element-81b0575 elementor-section-boxed elementor-section-height-default elementor-section-height-default\" data-id=\"81b0575\" data-element_type=\"section\">\n\t\t\t\t\t\t<div class=\"elementor-container elementor-column-gap-default\">\n\t\t\t\t\t<div class=\"elementor-column elementor-col-50 elementor-top-column elementor-element elementor-element-15cfb90\" data-id=\"15cfb90\" data-element_type=\"column\">\n\t\t\t<div class=\"elementor-widget-wrap elementor-element-populated\">\n\t\t\t\t\t\t<div class=\"elementor-element elementor-element-55c8c61 elementor--h-position-center elementor--v-position-middle elementor-arrows-position-inside elementor-pagination-position-inside elementor-widget elementor-widget-slides\" data-id=\"55c8c61\" data-element_type=\"widget\" data-settings=\"{&quot;navigation&quot;:&quot;both&quot;,&quot;autoplay&quot;:&quot;yes&quot;,&quot;pause_on_hover&quot;:&quot;yes&quot;,&quot;pause_on_interaction&quot;:&quot;yes&quot;,&quot;autoplay_speed&quot;:5000,&quot;infinite&quot;:&quot;yes&quot;,&quot;transition&quot;:&quot;slide&quot;,&quot;transition_speed&quot;:500}\" data-widget_type=\"slides.default\">\n\t\t\t\t<div class=\"elementor-widget-container\">\n\t\t\t\t\t\t\t<div class=\"elementor-swiper\">\n\t\t\t<div class=\"elementor-slides-wrapper elementor-main-swiper swiper-container\" dir=\"ltr\" data-animation=\"fadeInUp\">\n\t\t\t\t<div class=\"swiper-wrapper elementor-slides\">\n\t\t\t\t\t\t\t\t\t\t<div class=\"elementor-repeater-item-524df68 swiper-slide\"><div class=\"swiper-slide-bg elementor-ken-burns elementor-ken-burns--in\" role=\"img\"><\/div><div class=\"swiper-slide-inner\" ><div class=\"swiper-slide-contents\"><\/div><\/div><\/div>\t\t\t\t<\/div>\n\t\t\t\t\t\t\t<\/div>\n\t\t<\/div>\n\t\t\t\t\t\t<\/div>\n\t\t\t\t<\/div>\n\t\t\t\t\t<\/div>\n\t\t<\/div>\n\t\t\t\t<div class=\"elementor-column elementor-col-50 elementor-top-column elementor-element elementor-element-97c09ce\" data-id=\"97c09ce\" data-element_type=\"column\">\n\t\t\t<div class=\"elementor-widget-wrap elementor-element-populated\">\n\t\t\t\t\t\t<div class=\"elementor-element elementor-element-cfc6530 elementor-widget elementor-widget-heading\" data-id=\"cfc6530\" data-element_type=\"widget\" data-widget_type=\"heading.default\">\n\t\t\t\t<div class=\"elementor-widget-container\">\n\t\t\t\t\t<h4 class=\"elementor-heading-title elementor-size-default\"><h4 data-elementor-setting-key=\"title\" data-pen-placeholder=\"Type Here...\" style=\"font-style: normal\">Zen Mar II<\/h4><\/h4>\t\t\t\t<\/div>\n\t\t\t\t<\/div>\n\t\t\t\t<div class=\"elementor-element elementor-element-f06fcd5 elementor-widget elementor-widget-text-editor\" data-id=\"f06fcd5\" data-element_type=\"widget\" data-widget_type=\"text-editor.default\">\n\t\t\t\t<div class=\"elementor-widget-container\">\n\t\t\t\t\t\t\t\t\t<p>Notre catamaran innovant d'une capacit\u00e9 de 62 personnes a \u00e9t\u00e9 construit dans un souci de s\u00e9curit\u00e9 et de confort. Il est partiellement aliment\u00e9 \u00e0 l'\u00e9nergie solaire, dispose d'un tr\u00e8s bel espace ext\u00e9rieur qui comprend un grand pont sup\u00e9rieur, un espace int\u00e9rieur avec un bar, des toilettes et un personnel formidable pour s'occuper de vous.<\/p>\t\t\t\t\t\t\t\t<\/div>\n\t\t\t\t<\/div>\n\t\t\t\t<div class=\"elementor-element elementor-element-b8fa3cf elementor-icon-list--layout-traditional elementor-list-item-link-full_width elementor-widget elementor-widget-icon-list\" data-id=\"b8fa3cf\" data-element_type=\"widget\" data-widget_type=\"icon-list.default\">\n\t\t\t\t<div class=\"elementor-widget-container\">\n\t\t\t\t\t\t\t<ul class=\"elementor-icon-list-items\">\n\t\t\t\t\t\t\t<li class=\"elementor-icon-list-item\">\n\t\t\t\t\t\t\t\t\t\t\t<span class=\"elementor-icon-list-icon\">\n\t\t\t\t\t\t\t<i aria-hidden=\"true\" class=\"fas fa-users\"><\/i>\t\t\t\t\t\t<\/span>\n\t\t\t\t\t\t\t\t\t\t<span class=\"elementor-icon-list-text\">Capacit\u00e9 : 62 personnes<\/span>\n\t\t\t\t\t\t\t\t\t<\/li>\n\t\t\t\t\t\t<\/ul>\n\t\t\t\t\t\t<\/div>\n\t\t\t\t<\/div>\n\t\t\t\t\t<\/div>\n\t\t<\/div>\n\t\t\t\t\t<\/div>\n\t\t<\/section>\n\t\t\t\t<\/div>","protected":false},"excerpt":{"rendered":"<p>boats Zen Mar Our\u00a0 catamaran with capacity for 30people\u00a0has been built specially for kayak and sup tours. It is a very stable boat, fixed banks, one\u00a0 toilet and partially covered with a great crew to look after you.\u00a0 Capacity: 30 People Zen Mar II Our innovated catamaran with capacity for 62 people\u00a0 has been built [&hellip;]<\/p>","protected":false},"author":1,"featured_media":0,"parent":0,"menu_order":0,"comment_status":"closed","ping_status":"closed","template":"","meta":{"_uag_custom_page_level_css":"","_mi_skip_tracking":false,"_monsterinsights_sitenote_active":false,"_monsterinsights_sitenote_note":"","_monsterinsights_sitenote_category":0,"site-sidebar-layout":"no-sidebar","site-content-layout":"page-builder","ast-site-content-layout":"","site-content-style":"default","site-sidebar-style":"default","ast-global-header-display":"","ast-banner-title-visibility":"","ast-main-header-display":"","ast-hfb-above-header-display":"","ast-hfb-below-header-display":"","ast-hfb-mobile-header-display":"","site-post-title":"disabled","ast-breadcrumbs-content":"","ast-featured-img":"disabled","footer-sml-layout":"","theme-transparent-header-meta":"enabled","adv-header-id-meta":"","stick-header-meta":"","header-above-stick-meta":"","header-main-stick-meta":"","header-below-stick-meta":"","astra-migrate-meta-layouts":"default","ast-page-background-enabled":"default","ast-page-background-meta":{"desktop":{"background-color":"var(--ast-global-color-4)","background-image":"","background-repeat":"repeat","background-position":"center center","background-size":"auto","background-attachment":"scroll","background-type":"","background-media":"","overlay-type":"","overlay-color":"","overlay-opacity":"","overlay-gradient":""},"tablet":{"background-color":"","background-image":"","background-repeat":"repeat","background-position":"center center","background-size":"auto","background-attachment":"scroll","background-type":"","background-media":"","overlay-type":"","overlay-color":"","overlay-opacity":"","overlay-gradient":""},"mobile":{"background-color":"","background-image":"","background-repeat":"repeat","background-position":"center center","background-size":"auto","background-attachment":"scroll","background-type":"","background-media":"","overlay-type":"","overlay-color":"","overlay-opacity":"","overlay-gradient":""}},"ast-content-background-meta":{"desktop":{"background-color":"var(--ast-global-color-5)","background-image":"","background-repeat":"repeat","background-position":"center center","background-size":"auto","background-attachment":"scroll","background-type":"","background-media":"","overlay-type":"","overlay-color":"","overlay-opacity":"","overlay-gradient":""},"tablet":{"background-color":"var(--ast-global-color-5)","background-image":"","background-repeat":"repeat","background-position":"center center","background-size":"auto","background-attachment":"scroll","background-type":"","background-media":"","overlay-type":"","overlay-color":"","overlay-opacity":"","overlay-gradient":""},"mobile":{"background-color":"var(--ast-global-color-5)","background-image":"","background-repeat":"repeat","background-position":"center center","background-size":"auto","background-attachment":"scroll","background-type":"","background-media":"","overlay-type":"","overlay-color":"","overlay-opacity":"","overlay-gradient":""}},"footnotes":""},"class_list":["post-1573","page","type-page","status-publish","hentry"],"yoast_head":"<!-- This site is optimized with the Yoast SEO plugin v20.8 - https:\/\/yoast.com\/wordpress\/plugins\/seo\/ -->\n<title>Boats - Seaalgarve<\/title>\n<meta name=\"robots\" content=\"index, follow, max-snippet:-1, max-image-preview:large, max-video-preview:-1\" \/>\n<link rel=\"canonical\" href=\"https:\/\/seaalgarve.com\/fr\/boats\/\" \/>\n<meta property=\"og:locale\" content=\"fr_FR\" \/>\n<meta property=\"og:type\" content=\"article\" \/>\n<meta property=\"og:title\" content=\"Boats - Seaalgarve\" \/>\n<meta property=\"og:description\" content=\"boats Zen Mar Our\u00a0 catamaran with capacity for 30people\u00a0has been built specially for kayak and sup tours. It is a very stable boat, fixed banks, one\u00a0 toilet and partially covered with a great crew to look after you.\u00a0 Capacity: 30 People Zen Mar II Our innovated catamaran with capacity for 62 people\u00a0 has been built [&hellip;]\" \/>\n<meta property=\"og:url\" content=\"https:\/\/seaalgarve.com\/fr\/boats\/\" \/>\n<meta property=\"og:site_name\" content=\"Seaalgarve\" \/>\n<meta property=\"article:modified_time\" content=\"2023-03-10T11:37:40+00:00\" \/>\n<meta property=\"og:image\" content=\"https:\/\/seaalgarve.com\/wp-content\/uploads\/2023\/02\/tartaruga_sea_algarve-02-1024x1024.png\" \/>\n<meta name=\"twitter:card\" content=\"summary_large_image\" \/>\n<meta name=\"twitter:label1\" content=\"Dur\u00e9e de lecture estim\u00e9e\" \/>\n\t<meta name=\"twitter:data1\" content=\"2 minutes\" \/>\n<script type=\"application\/ld+json\" class=\"yoast-schema-graph\">{\"@context\":\"https:\/\/schema.org\",\"@graph\":[{\"@type\":\"WebPage\",\"@id\":\"https:\/\/seaalgarve.com\/fr\/boats\/\",\"url\":\"https:\/\/seaalgarve.com\/fr\/boats\/\",\"name\":\"Boats - Seaalgarve\",\"isPartOf\":{\"@id\":\"https:\/\/seaalgarve.com\/#website\"},\"datePublished\":\"2022-03-17T14:41:51+00:00\",\"dateModified\":\"2023-03-10T11:37:40+00:00\",\"breadcrumb\":{\"@id\":\"https:\/\/seaalgarve.com\/fr\/boats\/#breadcrumb\"},\"inLanguage\":\"fr-FR\",\"potentialAction\":[{\"@type\":\"ReadAction\",\"target\":[\"https:\/\/seaalgarve.com\/fr\/boats\/\"]}]},{\"@type\":\"BreadcrumbList\",\"@id\":\"https:\/\/seaalgarve.com\/fr\/boats\/#breadcrumb\",\"itemListElement\":[{\"@type\":\"ListItem\",\"position\":1,\"name\":\"Home\",\"item\":\"https:\/\/seaalgarve.com\/\"},{\"@type\":\"ListItem\",\"position\":2,\"name\":\"Boats\"}]},{\"@type\":\"WebSite\",\"@id\":\"https:\/\/seaalgarve.com\/#website\",\"url\":\"https:\/\/seaalgarve.com\/\",\"name\":\"Seaalgarve\",\"description\":\"Benagil Caves &amp; Algarve SUP, Kayak and Boat Tours\",\"publisher\":{\"@id\":\"https:\/\/seaalgarve.com\/#organization\"},\"potentialAction\":[{\"@type\":\"SearchAction\",\"target\":{\"@type\":\"EntryPoint\",\"urlTemplate\":\"https:\/\/seaalgarve.com\/?s={search_term_string}\"},\"query-input\":\"required name=search_term_string\"}],\"inLanguage\":\"fr-FR\"},{\"@type\":\"Organization\",\"@id\":\"https:\/\/seaalgarve.com\/#organization\",\"name\":\"Seaalgarve\",\"url\":\"https:\/\/seaalgarve.com\/\",\"logo\":{\"@type\":\"ImageObject\",\"inLanguage\":\"fr-FR\",\"@id\":\"https:\/\/seaalgarve.com\/#\/schema\/logo\/image\/\",\"url\":\"https:\/\/seaalgarve.com\/wp-content\/uploads\/2022\/03\/cropped-sealgarve-logo-1.png\",\"contentUrl\":\"https:\/\/seaalgarve.com\/wp-content\/uploads\/2022\/03\/cropped-sealgarve-logo-1.png\",\"width\":382,\"height\":186,\"caption\":\"Seaalgarve\"},\"image\":{\"@id\":\"https:\/\/seaalgarve.com\/#\/schema\/logo\/image\/\"}}]}<\/script>\n<!-- \/ Yoast SEO plugin. -->","yoast_head_json":{"title":"Boats - Seaalgarve","robots":{"index":"index","follow":"follow","max-snippet":"max-snippet:-1","max-image-preview":"max-image-preview:large","max-video-preview":"max-video-preview:-1"},"canonical":"https:\/\/seaalgarve.com\/fr\/boats\/","og_locale":"fr_FR","og_type":"article","og_title":"Boats - Seaalgarve","og_description":"boats Zen Mar Our\u00a0 catamaran with capacity for 30people\u00a0has been built specially for kayak and sup tours. It is a very stable boat, fixed banks, one\u00a0 toilet and partially covered with a great crew to look after you.\u00a0 Capacity: 30 People Zen Mar II Our innovated catamaran with capacity for 62 people\u00a0 has been built [&hellip;]","og_url":"https:\/\/seaalgarve.com\/fr\/boats\/","og_site_name":"Seaalgarve","article_modified_time":"2023-03-10T11:37:40+00:00","og_image":[{"url":"https:\/\/seaalgarve.com\/wp-content\/uploads\/2023\/02\/tartaruga_sea_algarve-02-1024x1024.png"}],"twitter_card":"summary_large_image","twitter_misc":{"Dur\u00e9e de lecture estim\u00e9e":"2 minutes"},"schema":{"@context":"https:\/\/schema.org","@graph":[{"@type":"WebPage","@id":"https:\/\/seaalgarve.com\/fr\/boats\/","url":"https:\/\/seaalgarve.com\/fr\/boats\/","name":"Boats - Seaalgarve","isPartOf":{"@id":"https:\/\/seaalgarve.com\/#website"},"datePublished":"2022-03-17T14:41:51+00:00","dateModified":"2023-03-10T11:37:40+00:00","breadcrumb":{"@id":"https:\/\/seaalgarve.com\/fr\/boats\/#breadcrumb"},"inLanguage":"fr-FR","potentialAction":[{"@type":"ReadAction","target":["https:\/\/seaalgarve.com\/fr\/boats\/"]}]},{"@type":"BreadcrumbList","@id":"https:\/\/seaalgarve.com\/fr\/boats\/#breadcrumb","itemListElement":[{"@type":"ListItem","position":1,"name":"Home","item":"https:\/\/seaalgarve.com\/"},{"@type":"ListItem","position":2,"name":"Boats"}]},{"@type":"WebSite","@id":"https:\/\/seaalgarve.com\/#website","url":"https:\/\/seaalgarve.com\/","name":"Seaalgarve","description":"Benagil Caves &amp; Algarve SUP, Kayak and Boat Tours","publisher":{"@id":"https:\/\/seaalgarve.com\/#organization"},"potentialAction":[{"@type":"SearchAction","target":{"@type":"EntryPoint","urlTemplate":"https:\/\/seaalgarve.com\/?s={search_term_string}"},"query-input":"required name=search_term_string"}],"inLanguage":"fr-FR"},{"@type":"Organization","@id":"https:\/\/seaalgarve.com\/#organization","name":"Seaalgarve","url":"https:\/\/seaalgarve.com\/","logo":{"@type":"ImageObject","inLanguage":"fr-FR","@id":"https:\/\/seaalgarve.com\/#\/schema\/logo\/image\/","url":"https:\/\/seaalgarve.com\/wp-content\/uploads\/2022\/03\/cropped-sealgarve-logo-1.png","contentUrl":"https:\/\/seaalgarve.com\/wp-content\/uploads\/2022\/03\/cropped-sealgarve-logo-1.png","width":382,"height":186,"caption":"Seaalgarve"},"image":{"@id":"https:\/\/seaalgarve.com\/#\/schema\/logo\/image\/"}}]}},"uagb_featured_image_src":{"full":false,"thumbnail":false,"medium":false,"medium_large":false,"large":false,"1536x1536":false,"2048x2048":false,"trp-custom-language-flag":false},"uagb_author_info":{"display_name":"pwdbackoffice","author_link":"https:\/\/seaalgarve.com\/fr\/author\/pwdbackoffice\/"},"uagb_comment_info":0,"uagb_excerpt":"boats Zen Mar Our\u00a0 catamaran with capacity for 30people\u00a0has been built specially for kayak and sup tours. It is a very stable boat, fixed banks, one\u00a0 toilet and partially covered with a great crew to look after you.\u00a0 Capacity: 30 People Zen Mar II Our innovated catamaran with capacity for 62 people\u00a0 has been built\u2026","_links":{"self":[{"href":"https:\/\/seaalgarve.com\/fr\/wp-json\/wp\/v2\/pages\/1573","targetHints":{"allow":["GET"]}}],"collection":[{"href":"https:\/\/seaalgarve.com\/fr\/wp-json\/wp\/v2\/pages"}],"about":[{"href":"https:\/\/seaalgarve.com\/fr\/wp-json\/wp\/v2\/types\/page"}],"author":[{"embeddable":true,"href":"https:\/\/seaalgarve.com\/fr\/wp-json\/wp\/v2\/users\/1"}],"replies":[{"embeddable":true,"href":"https:\/\/seaalgarve.com\/fr\/wp-json\/wp\/v2\/comments?post=1573"}],"version-history":[{"count":37,"href":"https:\/\/seaalgarve.com\/fr\/wp-json\/wp\/v2\/pages\/1573\/revisions"}],"predecessor-version":[{"id":2332,"href":"https:\/\/seaalgarve.com\/fr\/wp-json\/wp\/v2\/pages\/1573\/revisions\/2332"}],"wp:attachment":[{"href":"https:\/\/seaalgarve.com\/fr\/wp-json\/wp\/v2\/media?parent=1573"}],"curies":[{"name":"wp","href":"https:\/\/api.w.org\/{rel}","templated":true}]}}