{"id":1373,"date":"2022-03-13T17:48:43","date_gmt":"2022-03-13T17:48:43","guid":{"rendered":"https:\/\/seaalgarve.com\/?page_id=1373"},"modified":"2023-03-10T11:39:09","modified_gmt":"2023-03-10T11:39:09","slug":"terms-and-conditions","status":"publish","type":"page","link":"https:\/\/seaalgarve.com\/fr\/terms-and-conditions\/","title":{"rendered":"Termes et conditions"},"content":{"rendered":"<div data-elementor-type=\"wp-page\" data-elementor-id=\"1373\" class=\"elementor elementor-1373\" data-elementor-post-type=\"page\">\n\t\t\t\t\t\t<section class=\"elementor-section elementor-top-section elementor-element elementor-element-c8ddeb6 elementor-section-height-min-height elementor-section-items-bottom elementor-section-boxed elementor-section-height-default\" data-id=\"c8ddeb6\" data-element_type=\"section\" data-settings=\"{&quot;background_background&quot;:&quot;classic&quot;,&quot;shape_divider_bottom&quot;:&quot;waves&quot;}\">\n\t\t\t\t\t\t\t<div class=\"elementor-background-overlay\"><\/div>\n\t\t\t\t\t\t<div class=\"elementor-shape elementor-shape-bottom\" aria-hidden=\"true\" data-negative=\"false\">\n\t\t\t<svg xmlns=\"http:\/\/www.w3.org\/2000\/svg\" viewbox=\"0 0 1000 100\" preserveaspectratio=\"none\">\n\t<path class=\"elementor-shape-fill\" d=\"M421.9,6.5c22.6-2.5,51.5,0.4,75.5,5.3c23.6,4.9,70.9,23.5,100.5,35.7c75.8,32.2,133.7,44.5,192.6,49.7\tc23.6,2.1,48.7,3.5,103.4-2.5c54.7-6,106.2-25.6,106.2-25.6V0H0v30.3c0,0,72,32.6,158.4,30.5c39.2-0.7,92.8-6.7,134-22.4\tc21.2-8.1,52.2-18.2,79.7-24.2C399.3,7.9,411.6,7.5,421.9,6.5z\"\/>\n<\/svg>\t\t<\/div>\n\t\t\t\t\t<div class=\"elementor-container elementor-column-gap-default\">\n\t\t\t\t\t<div class=\"elementor-column elementor-col-100 elementor-top-column elementor-element elementor-element-6a5337e\" data-id=\"6a5337e\" data-element_type=\"column\">\n\t\t\t<div class=\"elementor-widget-wrap elementor-element-populated\">\n\t\t\t\t\t\t<div class=\"elementor-element elementor-element-feefb6c elementor-widget elementor-widget-heading\" data-id=\"feefb6c\" data-element_type=\"widget\" data-widget_type=\"heading.default\">\n\t\t\t\t<div class=\"elementor-widget-container\">\n\t\t\t\t\t<h1 class=\"elementor-heading-title elementor-size-default\">Modalit\u00e9s<\/h1>\t\t\t\t<\/div>\n\t\t\t\t<\/div>\n\t\t\t\t<div class=\"elementor-element elementor-element-b0d2747 elementor-widget elementor-widget-html\" data-id=\"b0d2747\" data-element_type=\"widget\" data-widget_type=\"html.default\">\n\t\t\t\t<div class=\"elementor-widget-container\">\n\t\t\t\t\t<a class=\"hero-mouse anchor\" href=\"#ouractivities\">\r\n  <div class=\"mouse-icon\"><span><\/span><\/div>\r\n<\/a>\t\t\t\t<\/div>\n\t\t\t\t<\/div>\n\t\t\t\t<div class=\"elementor-element elementor-element-85a7181 elementor-widget__width-initial elementor-absolute elementor-widget elementor-widget-image\" data-id=\"85a7181\" data-element_type=\"widget\" data-settings=\"{&quot;_position&quot;:&quot;absolute&quot;}\" data-widget_type=\"image.default\">\n\t\t\t\t<div class=\"elementor-widget-container\">\n\t\t\t\t\t\t\t\t\t\t\t\t\t\t\t<img fetchpriority=\"high\" decoding=\"async\" width=\"1024\" height=\"1024\" src=\"https:\/\/seaalgarve.com\/wp-content\/uploads\/2023\/02\/tartaruga_sea_algarve-02-1024x1024.png\" class=\"attachment-large size-large wp-image-2067\" alt=\"\" srcset=\"https:\/\/seaalgarve.com\/wp-content\/uploads\/2023\/02\/tartaruga_sea_algarve-02-1024x1024.png 1024w, https:\/\/seaalgarve.com\/wp-content\/uploads\/2023\/02\/tartaruga_sea_algarve-02-300x300.png 300w, https:\/\/seaalgarve.com\/wp-content\/uploads\/2023\/02\/tartaruga_sea_algarve-02-150x150.png 150w, https:\/\/seaalgarve.com\/wp-content\/uploads\/2023\/02\/tartaruga_sea_algarve-02-768x767.png 768w, https:\/\/seaalgarve.com\/wp-content\/uploads\/2023\/02\/tartaruga_sea_algarve-02-12x12.png 12w, https:\/\/seaalgarve.com\/wp-content\/uploads\/2023\/02\/tartaruga_sea_algarve-02.png 1458w\" sizes=\"(max-width: 1024px) 100vw, 1024px\" \/>\t\t\t\t\t\t\t\t\t\t\t\t\t\t\t<\/div>\n\t\t\t\t<\/div>\n\t\t\t\t\t<\/div>\n\t\t<\/div>\n\t\t\t\t\t<\/div>\n\t\t<\/section>\n\t\t\t\t<section class=\"elementor-section elementor-top-section elementor-element elementor-element-034f786 elementor-section-boxed elementor-section-height-default elementor-section-height-default\" data-id=\"034f786\" data-element_type=\"section\" data-settings=\"{&quot;background_background&quot;:&quot;classic&quot;}\">\n\t\t\t\t\t\t<div class=\"elementor-container elementor-column-gap-default\">\n\t\t\t\t\t<div class=\"elementor-column elementor-col-100 elementor-top-column elementor-element elementor-element-ba0c118\" data-id=\"ba0c118\" data-element_type=\"column\">\n\t\t\t<div class=\"elementor-widget-wrap elementor-element-populated\">\n\t\t\t\t\t\t<div class=\"elementor-element elementor-element-692e4a0 elementor-widget elementor-widget-text-editor\" data-id=\"692e4a0\" data-element_type=\"widget\" data-widget_type=\"text-editor.default\">\n\t\t\t\t<div class=\"elementor-widget-container\">\n\t\t\t\t\t\t\t\t\t<p>Les annulations sont accept\u00e9es avec un pr\u00e9avis de 48 heures. Hors de cette p\u00e9riode de temps, aucun remboursement ne sera effectu\u00e9.<\/p><p>Si SeaAlgarve devra annuler \u00e0 cause des conditions m\u00e9t\u00e9o-oc\u00e9aniques ou des circonstances impr\u00e9vues, nous allons reporter une autre date et heure pour vous. Si cela ne vous convient pas, un remboursement sera effectu\u00e9.<\/p><p>Les annulations doivent \u00eatre faites par e-mail \u00e0 seaalgarve@gmail.com avec votre nom, la date et l\u2019heure de la visite et votre num\u00e9ro de t\u00e9l\u00e9phone.\u00a0<a href=\"mailto:seaalgarve@gmail.com\">seaalgarve@gmail.com<\/a>, stating your name, the date and hour of the tour, plus your phone number.<\/p><p>SeaAlgarve a le droit de refuser des personnes en \u00e9tat d\u2019\u00e9bri\u00e9t\u00e9 d\u2019embarquer. Nous avons \u00e9galement le droit d\u2019arr\u00eater le service d\u2019alcool \u00e0 bord si la s\u00e9curit\u00e9 du client\/des clients est \u00e0 risque. Aucun remboursement ne sera effectu\u00e9.<\/p><p>Et selon la loi portugaise, les \u00e9l\u00e9ments suivants doivent \u00e9galement \u00eatre indiqu\u00e9s :<\/p><p>Au portugal, en cas de dispute, le consommateur pourrait avoir recours \u00e0 un r\u00e8glement des litiges de consommateur.<\/p><p>CIMAAL - centre d\u2019information, m\u00e9diation, et arbitrage de conflits de consommation en algarve.<\/p><p>Business Nest Building \u2013 Estrada da Penha<\/p><p>8005-131 Faro<\/p><p>\u00a0<\/p>\t\t\t\t\t\t\t\t<\/div>\n\t\t\t\t<\/div>\n\t\t\t\t\t<\/div>\n\t\t<\/div>\n\t\t\t\t\t<\/div>\n\t\t<\/section>\n\t\t\t\t<\/div>","protected":false},"excerpt":{"rendered":"<p>Terms and Conditions Cancellations are accepted with 48h notice, within 48h no refund given. If SeaAlgarve cancel due to sea conditions or unforeseen circumstances an alternative date and time will be offered. If this is not suitable a full refund will be made. Cancellation has to be done by e-mail to\u00a0seaalgarve@gmail.com, stating your name, the [&hellip;]<\/p>","protected":false},"author":1,"featured_media":0,"parent":0,"menu_order":0,"comment_status":"closed","ping_status":"closed","template":"","meta":{"_uag_custom_page_level_css":"","_mi_skip_tracking":false,"_monsterinsights_sitenote_active":false,"_monsterinsights_sitenote_note":"","_monsterinsights_sitenote_category":0,"site-sidebar-layout":"no-sidebar","site-content-layout":"page-builder","ast-site-content-layout":"","site-content-style":"default","site-sidebar-style":"default","ast-global-header-display":"","ast-banner-title-visibility":"","ast-main-header-display":"","ast-hfb-above-header-display":"","ast-hfb-below-header-display":"","ast-hfb-mobile-header-display":"","site-post-title":"disabled","ast-breadcrumbs-content":"","ast-featured-img":"disabled","footer-sml-layout":"","theme-transparent-header-meta":"enabled","adv-header-id-meta":"","stick-header-meta":"","header-above-stick-meta":"","header-main-stick-meta":"","header-below-stick-meta":"","astra-migrate-meta-layouts":"default","ast-page-background-enabled":"default","ast-page-background-meta":{"desktop":{"background-color":"var(--ast-global-color-4)","background-image":"","background-repeat":"repeat","background-position":"center center","background-size":"auto","background-attachment":"scroll","background-type":"","background-media":"","overlay-type":"","overlay-color":"","overlay-opacity":"","overlay-gradient":""},"tablet":{"background-color":"","background-image":"","background-repeat":"repeat","background-position":"center center","background-size":"auto","background-attachment":"scroll","background-type":"","background-media":"","overlay-type":"","overlay-color":"","overlay-opacity":"","overlay-gradient":""},"mobile":{"background-color":"","background-image":"","background-repeat":"repeat","background-position":"center center","background-size":"auto","background-attachment":"scroll","background-type":"","background-media":"","overlay-type":"","overlay-color":"","overlay-opacity":"","overlay-gradient":""}},"ast-content-background-meta":{"desktop":{"background-color":"var(--ast-global-color-5)","background-image":"","background-repeat":"repeat","background-position":"center center","background-size":"auto","background-attachment":"scroll","background-type":"","background-media":"","overlay-type":"","overlay-color":"","overlay-opacity":"","overlay-gradient":""},"tablet":{"background-color":"var(--ast-global-color-5)","background-image":"","background-repeat":"repeat","background-position":"center center","background-size":"auto","background-attachment":"scroll","background-type":"","background-media":"","overlay-type":"","overlay-color":"","overlay-opacity":"","overlay-gradient":""},"mobile":{"background-color":"var(--ast-global-color-5)","background-image":"","background-repeat":"repeat","background-position":"center center","background-size":"auto","background-attachment":"scroll","background-type":"","background-media":"","overlay-type":"","overlay-color":"","overlay-opacity":"","overlay-gradient":""}},"footnotes":""},"class_list":["post-1373","page","type-page","status-publish","hentry"],"yoast_head":"<!-- This site is optimized with the Yoast SEO plugin v20.8 - https:\/\/yoast.com\/wordpress\/plugins\/seo\/ -->\n<title>Terms and conditions - Seaalgarve<\/title>\n<meta name=\"robots\" content=\"index, follow, max-snippet:-1, max-image-preview:large, max-video-preview:-1\" \/>\n<link rel=\"canonical\" href=\"https:\/\/seaalgarve.com\/fr\/terms-and-conditions\/\" \/>\n<meta property=\"og:locale\" content=\"fr_FR\" \/>\n<meta property=\"og:type\" content=\"article\" \/>\n<meta property=\"og:title\" content=\"Terms and conditions - Seaalgarve\" \/>\n<meta property=\"og:description\" content=\"Terms and Conditions Cancellations are accepted with 48h notice, within 48h no refund given. If SeaAlgarve cancel due to sea conditions or unforeseen circumstances an alternative date and time will be offered. If this is not suitable a full refund will be made. Cancellation has to be done by e-mail to\u00a0seaalgarve@gmail.com, stating your name, the [&hellip;]\" \/>\n<meta property=\"og:url\" content=\"https:\/\/seaalgarve.com\/fr\/terms-and-conditions\/\" \/>\n<meta property=\"og:site_name\" content=\"Seaalgarve\" \/>\n<meta property=\"article:modified_time\" content=\"2023-03-10T11:39:09+00:00\" \/>\n<meta property=\"og:image\" content=\"https:\/\/seaalgarve.com\/wp-content\/uploads\/2023\/02\/tartaruga_sea_algarve-02-1024x1024.png\" \/>\n<meta name=\"twitter:card\" content=\"summary_large_image\" \/>\n<meta name=\"twitter:label1\" content=\"Dur\u00e9e de lecture estim\u00e9e\" \/>\n\t<meta name=\"twitter:data1\" content=\"2 minutes\" \/>\n<script type=\"application\/ld+json\" class=\"yoast-schema-graph\">{\"@context\":\"https:\/\/schema.org\",\"@graph\":[{\"@type\":\"WebPage\",\"@id\":\"https:\/\/seaalgarve.com\/pt\/terms-and-conditions\/\",\"url\":\"https:\/\/seaalgarve.com\/pt\/terms-and-conditions\/\",\"name\":\"Terms and conditions - Seaalgarve\",\"isPartOf\":{\"@id\":\"https:\/\/seaalgarve.com\/#website\"},\"datePublished\":\"2022-03-13T17:48:43+00:00\",\"dateModified\":\"2023-03-10T11:39:09+00:00\",\"breadcrumb\":{\"@id\":\"https:\/\/seaalgarve.com\/pt\/terms-and-conditions\/#breadcrumb\"},\"inLanguage\":\"fr-FR\",\"potentialAction\":[{\"@type\":\"ReadAction\",\"target\":[\"https:\/\/seaalgarve.com\/pt\/terms-and-conditions\/\"]}]},{\"@type\":\"BreadcrumbList\",\"@id\":\"https:\/\/seaalgarve.com\/pt\/terms-and-conditions\/#breadcrumb\",\"itemListElement\":[{\"@type\":\"ListItem\",\"position\":1,\"name\":\"Home\",\"item\":\"https:\/\/seaalgarve.com\/\"},{\"@type\":\"ListItem\",\"position\":2,\"name\":\"Terms and conditions\"}]},{\"@type\":\"WebSite\",\"@id\":\"https:\/\/seaalgarve.com\/#website\",\"url\":\"https:\/\/seaalgarve.com\/\",\"name\":\"Seaalgarve\",\"description\":\"Benagil Caves &amp; Algarve SUP, Kayak and Boat Tours\",\"publisher\":{\"@id\":\"https:\/\/seaalgarve.com\/#organization\"},\"potentialAction\":[{\"@type\":\"SearchAction\",\"target\":{\"@type\":\"EntryPoint\",\"urlTemplate\":\"https:\/\/seaalgarve.com\/?s={search_term_string}\"},\"query-input\":\"required name=search_term_string\"}],\"inLanguage\":\"fr-FR\"},{\"@type\":\"Organization\",\"@id\":\"https:\/\/seaalgarve.com\/#organization\",\"name\":\"Seaalgarve\",\"url\":\"https:\/\/seaalgarve.com\/\",\"logo\":{\"@type\":\"ImageObject\",\"inLanguage\":\"fr-FR\",\"@id\":\"https:\/\/seaalgarve.com\/#\/schema\/logo\/image\/\",\"url\":\"https:\/\/seaalgarve.com\/wp-content\/uploads\/2022\/03\/cropped-sealgarve-logo-1.png\",\"contentUrl\":\"https:\/\/seaalgarve.com\/wp-content\/uploads\/2022\/03\/cropped-sealgarve-logo-1.png\",\"width\":382,\"height\":186,\"caption\":\"Seaalgarve\"},\"image\":{\"@id\":\"https:\/\/seaalgarve.com\/#\/schema\/logo\/image\/\"}}]}<\/script>\n<!-- \/ Yoast SEO plugin. -->","yoast_head_json":{"title":"Terms and conditions - Seaalgarve","robots":{"index":"index","follow":"follow","max-snippet":"max-snippet:-1","max-image-preview":"max-image-preview:large","max-video-preview":"max-video-preview:-1"},"canonical":"https:\/\/seaalgarve.com\/fr\/terms-and-conditions\/","og_locale":"fr_FR","og_type":"article","og_title":"Terms and conditions - Seaalgarve","og_description":"Terms and Conditions Cancellations are accepted with 48h notice, within 48h no refund given. If SeaAlgarve cancel due to sea conditions or unforeseen circumstances an alternative date and time will be offered. If this is not suitable a full refund will be made. Cancellation has to be done by e-mail to\u00a0seaalgarve@gmail.com, stating your name, the [&hellip;]","og_url":"https:\/\/seaalgarve.com\/fr\/terms-and-conditions\/","og_site_name":"Seaalgarve","article_modified_time":"2023-03-10T11:39:09+00:00","og_image":[{"url":"https:\/\/seaalgarve.com\/wp-content\/uploads\/2023\/02\/tartaruga_sea_algarve-02-1024x1024.png"}],"twitter_card":"summary_large_image","twitter_misc":{"Dur\u00e9e de lecture estim\u00e9e":"2 minutes"},"schema":{"@context":"https:\/\/schema.org","@graph":[{"@type":"WebPage","@id":"https:\/\/seaalgarve.com\/pt\/terms-and-conditions\/","url":"https:\/\/seaalgarve.com\/pt\/terms-and-conditions\/","name":"Terms and conditions - Seaalgarve","isPartOf":{"@id":"https:\/\/seaalgarve.com\/#website"},"datePublished":"2022-03-13T17:48:43+00:00","dateModified":"2023-03-10T11:39:09+00:00","breadcrumb":{"@id":"https:\/\/seaalgarve.com\/pt\/terms-and-conditions\/#breadcrumb"},"inLanguage":"fr-FR","potentialAction":[{"@type":"ReadAction","target":["https:\/\/seaalgarve.com\/pt\/terms-and-conditions\/"]}]},{"@type":"BreadcrumbList","@id":"https:\/\/seaalgarve.com\/pt\/terms-and-conditions\/#breadcrumb","itemListElement":[{"@type":"ListItem","position":1,"name":"Home","item":"https:\/\/seaalgarve.com\/"},{"@type":"ListItem","position":2,"name":"Terms and conditions"}]},{"@type":"WebSite","@id":"https:\/\/seaalgarve.com\/#website","url":"https:\/\/seaalgarve.com\/","name":"Seaalgarve","description":"Benagil Caves &amp; Algarve SUP, Kayak and Boat Tours","publisher":{"@id":"https:\/\/seaalgarve.com\/#organization"},"potentialAction":[{"@type":"SearchAction","target":{"@type":"EntryPoint","urlTemplate":"https:\/\/seaalgarve.com\/?s={search_term_string}"},"query-input":"required name=search_term_string"}],"inLanguage":"fr-FR"},{"@type":"Organization","@id":"https:\/\/seaalgarve.com\/#organization","name":"Seaalgarve","url":"https:\/\/seaalgarve.com\/","logo":{"@type":"ImageObject","inLanguage":"fr-FR","@id":"https:\/\/seaalgarve.com\/#\/schema\/logo\/image\/","url":"https:\/\/seaalgarve.com\/wp-content\/uploads\/2022\/03\/cropped-sealgarve-logo-1.png","contentUrl":"https:\/\/seaalgarve.com\/wp-content\/uploads\/2022\/03\/cropped-sealgarve-logo-1.png","width":382,"height":186,"caption":"Seaalgarve"},"image":{"@id":"https:\/\/seaalgarve.com\/#\/schema\/logo\/image\/"}}]}},"uagb_featured_image_src":{"full":false,"thumbnail":false,"medium":false,"medium_large":false,"large":false,"1536x1536":false,"2048x2048":false,"trp-custom-language-flag":false},"uagb_author_info":{"display_name":"pwdbackoffice","author_link":"https:\/\/seaalgarve.com\/fr\/author\/pwdbackoffice\/"},"uagb_comment_info":0,"uagb_excerpt":"Terms and Conditions Cancellations are accepted with 48h notice, within 48h no refund given. If SeaAlgarve cancel due to sea conditions or unforeseen circumstances an alternative date and time will be offered. If this is not suitable a full refund will be made. Cancellation has to be done by e-mail to\u00a0seaalgarve@gmail.com, stating your name, the\u2026","_links":{"self":[{"href":"https:\/\/seaalgarve.com\/fr\/wp-json\/wp\/v2\/pages\/1373","targetHints":{"allow":["GET"]}}],"collection":[{"href":"https:\/\/seaalgarve.com\/fr\/wp-json\/wp\/v2\/pages"}],"about":[{"href":"https:\/\/seaalgarve.com\/fr\/wp-json\/wp\/v2\/types\/page"}],"author":[{"embeddable":true,"href":"https:\/\/seaalgarve.com\/fr\/wp-json\/wp\/v2\/users\/1"}],"replies":[{"embeddable":true,"href":"https:\/\/seaalgarve.com\/fr\/wp-json\/wp\/v2\/comments?post=1373"}],"version-history":[{"count":28,"href":"https:\/\/seaalgarve.com\/fr\/wp-json\/wp\/v2\/pages\/1373\/revisions"}],"predecessor-version":[{"id":2335,"href":"https:\/\/seaalgarve.com\/fr\/wp-json\/wp\/v2\/pages\/1373\/revisions\/2335"}],"wp:attachment":[{"href":"https:\/\/seaalgarve.com\/fr\/wp-json\/wp\/v2\/media?parent=1373"}],"curies":[{"name":"wp","href":"https:\/\/api.w.org\/{rel}","templated":true}]}}